{"id":151,"date":"2024-10-15T20:02:39","date_gmt":"2024-10-16T00:02:39","guid":{"rendered":"https:\/\/vezinacybersolutions.com\/?page_id=151"},"modified":"2024-10-22T12:43:30","modified_gmt":"2024-10-22T16:43:30","slug":"about-us","status":"publish","type":"page","link":"https:\/\/vezinacybersolutions.com\/fr\/about-us\/","title":{"rendered":"\u00c0 propos de nous"},"content":{"rendered":"<div data-elementor-type=\"wp-post\" data-elementor-id=\"151\" class=\"elementor elementor-151\">\n\t\t\t\t<div class=\"elementor-element elementor-element-ccb802f e-flex e-con-boxed wpr-particle-no wpr-jarallax-no wpr-parallax-no wpr-sticky-section-no wpr-equal-height-no e-con e-parent\" data-id=\"ccb802f\" data-element_type=\"container\" data-e-type=\"container\">\n\t\t\t\t\t<div class=\"e-con-inner\">\n\t\t<div class=\"elementor-element elementor-element-2ed8997 e-con-full e-flex wpr-particle-no wpr-jarallax-no wpr-parallax-no wpr-sticky-section-no wpr-equal-height-no e-con e-child\" data-id=\"2ed8997\" data-element_type=\"container\" data-e-type=\"container\">\n\t\t\t\t<div class=\"elementor-element elementor-element-412e2a6 elementor-widget elementor-widget-image\" data-id=\"412e2a6\" data-element_type=\"widget\" data-e-type=\"widget\" data-widget_type=\"image.default\">\n\t\t\t\t<div class=\"elementor-widget-container\">\n\t\t\t\t\t\t\t\t\t\t\t\t\t\t\t<img fetchpriority=\"high\" decoding=\"async\" width=\"719\" height=\"1067\" src=\"https:\/\/vezinacybersolutions.com\/wp-content\/uploads\/2024\/10\/AboutUs-bigstock-Business-People-discussion-strategy-341288161.jpg\" class=\"attachment-full size-full wp-image-418\" alt=\"\" srcset=\"https:\/\/vezinacybersolutions.com\/wp-content\/uploads\/2024\/10\/AboutUs-bigstock-Business-People-discussion-strategy-341288161.jpg 719w, https:\/\/vezinacybersolutions.com\/wp-content\/uploads\/2024\/10\/AboutUs-bigstock-Business-People-discussion-strategy-341288161-202x300.jpg 202w, https:\/\/vezinacybersolutions.com\/wp-content\/uploads\/2024\/10\/AboutUs-bigstock-Business-People-discussion-strategy-341288161-690x1024.jpg 690w, https:\/\/vezinacybersolutions.com\/wp-content\/uploads\/2024\/10\/AboutUs-bigstock-Business-People-discussion-strategy-341288161-8x12.jpg 8w\" sizes=\"(max-width: 719px) 100vw, 719px\" \/>\t\t\t\t\t\t\t\t\t\t\t\t\t\t\t<\/div>\n\t\t\t\t<\/div>\n\t\t\t\t<\/div>\n\t\t<div class=\"elementor-element elementor-element-5225bb6 e-con-full e-flex wpr-particle-no wpr-jarallax-no wpr-parallax-no wpr-sticky-section-no wpr-equal-height-no e-con e-child\" data-id=\"5225bb6\" data-element_type=\"container\" data-e-type=\"container\">\n\t\t\t\t<div class=\"elementor-element elementor-element-62b500a elementor-widget elementor-widget-heading\" data-id=\"62b500a\" data-element_type=\"widget\" data-e-type=\"widget\" data-widget_type=\"heading.default\">\n\t\t\t\t<div class=\"elementor-widget-container\">\n\t\t\t\t\t<h3 class=\"elementor-heading-title elementor-size-default\">Introduction<\/h3>\t\t\t\t<\/div>\n\t\t\t\t<\/div>\n\t\t\t\t<div class=\"elementor-element elementor-element-f17bb28 elementor-widget elementor-widget-text-editor\" data-id=\"f17bb28\" data-element_type=\"widget\" data-e-type=\"widget\" data-widget_type=\"text-editor.default\">\n\t\t\t\t<div class=\"elementor-widget-container\">\n\t\t\t\t\t\t\t\t\t<p>Chez V\u00e9zina Cyber \u200b\u200bSolutions, nous nous sp\u00e9cialisons dans la fourniture de services de conseil personnalis\u00e9s en cybers\u00e9curit\u00e9 et en gestion des risques, savamment adapt\u00e9s pour r\u00e9pondre aux d\u00e9fis uniques de nos clients. Avec plus de 25 ans d\u2019exp\u00e9rience professionnelle dans les secteurs de la technologie et de la s\u00e9curit\u00e9 de l\u2019information, nous avons affin\u00e9 notre capacit\u00e9 \u00e0 aligner les strat\u00e9gies de s\u00e9curit\u00e9 sur les objectifs commerciaux, garantissant \u00e0 la fois la conformit\u00e9 et la r\u00e9silience op\u00e9rationnelle.<\/p><p>Notre \u00e9quipe apporte des d\u00e9cennies d'exp\u00e9rience multidisciplinaire et d\u00e9tient des certifications de haut niveau telles que CISSP, CISM, CRISC et CIPP, soulignant notre engagement envers les normes les plus \u00e9lev\u00e9es en mati\u00e8re de gouvernance, de s\u00e9curit\u00e9 et de protection des donn\u00e9es. Qu'il s'agisse de d\u00e9velopper des cadres de s\u00e9curit\u00e9 \u00e0 l'\u00e9chelle de l'entreprise, d'assurer la conformit\u00e9 aux normes ISO 27001 ou NIST, de g\u00e9rer les risques li\u00e9s aux fournisseurs ou de mettre en \u0153uvre une gouvernance de l'IA, nos consultants offrent une expertise in\u00e9gal\u00e9e et des solutions pratiques.<\/p><p>Nous adoptons une approche centr\u00e9e sur le client, garantissant que chaque solution de s\u00e9curit\u00e9 est pratique, tourn\u00e9e vers l\u2019avenir et pr\u00e9cis\u00e9ment adapt\u00e9e aux risques et objectifs sp\u00e9cifiques de votre entreprise. Avec une exp\u00e9rience \u00e9prouv\u00e9e dans des secteurs tels que la technologie, les services financiers et la fabrication, Vezina Cyber \u200b\u200bSolutions est votre partenaire dans la cr\u00e9ation d'infrastructures num\u00e9riques s\u00e9curis\u00e9es, conformes et r\u00e9silientes. Votre s\u00e9curit\u00e9 est notre mission.<\/p>\t\t\t\t\t\t\t\t<\/div>\n\t\t\t\t<\/div>\n\t\t\t\t<div class=\"elementor-element elementor-element-f5d6baa elementor-widget elementor-widget-heading\" data-id=\"f5d6baa\" data-element_type=\"widget\" data-e-type=\"widget\" data-widget_type=\"heading.default\">\n\t\t\t\t<div class=\"elementor-widget-container\">\n\t\t\t\t\t<h3 class=\"elementor-heading-title elementor-size-default\">\u00c9nonc\u00e9 de vision<\/h3>\t\t\t\t<\/div>\n\t\t\t\t<\/div>\n\t\t\t\t<div class=\"elementor-element elementor-element-46949ef elementor-widget elementor-widget-text-editor\" data-id=\"46949ef\" data-element_type=\"widget\" data-e-type=\"widget\" data-widget_type=\"text-editor.default\">\n\t\t\t\t<div class=\"elementor-widget-container\">\n\t\t\t\t\t\t\t\t\t<p>\u00ab Notre vision est d'\u00eatre le leader de confiance en mati\u00e8re de cybers\u00e9curit\u00e9 et de gestion des risques, en proposant des solutions innovantes et centr\u00e9es sur le client qui garantissent un succ\u00e8s num\u00e9rique s\u00e9curis\u00e9, conforme et r\u00e9silient. \u00bb<\/p>\t\t\t\t\t\t\t\t<\/div>\n\t\t\t\t<\/div>\n\t\t\t\t<div class=\"elementor-element elementor-element-c3322dc elementor-widget elementor-widget-heading\" data-id=\"c3322dc\" data-element_type=\"widget\" data-e-type=\"widget\" data-widget_type=\"heading.default\">\n\t\t\t\t<div class=\"elementor-widget-container\">\n\t\t\t\t\t<h3 class=\"elementor-heading-title elementor-size-default\">\u00c9nonc\u00e9 de mission<\/h3>\t\t\t\t<\/div>\n\t\t\t\t<\/div>\n\t\t\t\t<div class=\"elementor-element elementor-element-c00ab0e elementor-widget elementor-widget-text-editor\" data-id=\"c00ab0e\" data-element_type=\"widget\" data-e-type=\"widget\" data-widget_type=\"text-editor.default\">\n\t\t\t\t<div class=\"elementor-widget-container\">\n\t\t\t\t\t\t\t\t\t<p>\u00ab Notre mission est de doter les organisations de solutions personnalis\u00e9es de cybers\u00e9curit\u00e9, de gestion des risques et de conformit\u00e9 qui prot\u00e8gent leurs actifs, garantissent la r\u00e9silience op\u00e9rationnelle et soutiennent la conformit\u00e9 r\u00e9glementaire. Nous travaillons en partenariat avec nos clients pour proposer des strat\u00e9gies personnalis\u00e9es qui r\u00e9pondent \u00e0 leurs besoins uniques et prot\u00e8gent leur avenir num\u00e9rique.<\/p>\t\t\t\t\t\t\t\t<\/div>\n\t\t\t\t<\/div>\n\t\t\t\t<\/div>\n\t\t\t\t\t<\/div>\n\t\t\t\t<\/div>\n\t\t\t\t<\/div>","protected":false},"excerpt":{"rendered":"<p>Introduction At Vezina Cyber Solutions, we specialize in delivering customized cybersecurity and risk management consulting services, expertly tailored to meet the unique challenges of our clients. With more than 25 years of professional experience in the technology and information security sectors, we\u2019ve honed our ability to align security strategies with business goals, ensuring both compliance and operational resilience. Our team brings decades of multidisciplinary experience and holds top-tier certifications such as CISSP, CISM, CRISC, and CIPP, underscoring our commitment to the highest standards in governance, security, and data protection. Whether developing enterprise-wide security frameworks, ensuring compliance with ISO 27001 or NIST standards, managing vendor risk, or implementing AI governance, our consultants offer unmatched expertise and hands-on solutions. We take a client-focused approach, ensuring that every security solution is practical, forward-looking, and precisely tailored to address your business&#8217;s specific risks and goals. With a proven track record across industries including technology, financial services, and manufacturing, Vezina Cyber Solutions is your partner in building secure, compliant, and resilient digital infrastructures. Your security is our mission. Vision Statement &#8220;Our vision is to be the trusted leader in cybersecurity and risk management, delivering innovative, client-focused solutions that ensure secure, compliant, and resilient digital success.\u201c Mission Statement \u201cOur mission is to empower organizations with tailored cybersecurity, risk management, and compliance solutions that protect their assets, ensure operational resilience, and support regulatory compliance. We partner with clients to deliver customized strategies that meet their unique needs and safeguard their digital future.\u201d<\/p>","protected":false},"author":1,"featured_media":0,"parent":0,"menu_order":0,"comment_status":"closed","ping_status":"closed","template":"elementor_header_footer","meta":{"footnotes":""},"class_list":["post-151","page","type-page","status-publish","hentry"],"_links":{"self":[{"href":"https:\/\/vezinacybersolutions.com\/fr\/wp-json\/wp\/v2\/pages\/151","targetHints":{"allow":["GET"]}}],"collection":[{"href":"https:\/\/vezinacybersolutions.com\/fr\/wp-json\/wp\/v2\/pages"}],"about":[{"href":"https:\/\/vezinacybersolutions.com\/fr\/wp-json\/wp\/v2\/types\/page"}],"author":[{"embeddable":true,"href":"https:\/\/vezinacybersolutions.com\/fr\/wp-json\/wp\/v2\/users\/1"}],"replies":[{"embeddable":true,"href":"https:\/\/vezinacybersolutions.com\/fr\/wp-json\/wp\/v2\/comments?post=151"}],"version-history":[{"count":19,"href":"https:\/\/vezinacybersolutions.com\/fr\/wp-json\/wp\/v2\/pages\/151\/revisions"}],"predecessor-version":[{"id":422,"href":"https:\/\/vezinacybersolutions.com\/fr\/wp-json\/wp\/v2\/pages\/151\/revisions\/422"}],"wp:attachment":[{"href":"https:\/\/vezinacybersolutions.com\/fr\/wp-json\/wp\/v2\/media?parent=151"}],"curies":[{"name":"wp","href":"https:\/\/api.w.org\/{rel}","templated":true}]}}