{"id":211,"date":"2024-10-16T15:23:46","date_gmt":"2024-10-16T19:23:46","guid":{"rendered":"https:\/\/vezinacybersolutions.com\/?page_id=211"},"modified":"2024-10-22T12:49:12","modified_gmt":"2024-10-22T16:49:12","slug":"virtual-ciso","status":"publish","type":"page","link":"https:\/\/vezinacybersolutions.com\/fr\/virtual-ciso\/","title":{"rendered":"Virtual CISO"},"content":{"rendered":"<div data-elementor-type=\"wp-page\" data-elementor-id=\"211\" class=\"elementor elementor-211\">\n\t\t\t\t<div class=\"elementor-element elementor-element-10040ea e-flex e-con-boxed wpr-particle-no wpr-jarallax-no wpr-parallax-no wpr-sticky-section-no wpr-equal-height-no e-con e-parent\" data-id=\"10040ea\" data-element_type=\"container\" data-e-type=\"container\">\n\t\t\t\t\t<div class=\"e-con-inner\">\n\t\t<div class=\"elementor-element elementor-element-1451429 e-con-full e-flex wpr-particle-no wpr-jarallax-no wpr-parallax-no wpr-sticky-section-no wpr-equal-height-no e-con e-child\" data-id=\"1451429\" data-element_type=\"container\" data-e-type=\"container\" data-settings=\"{&quot;background_background&quot;:&quot;classic&quot;}\">\n\t\t\t\t<div class=\"elementor-element elementor-element-f87d789 elementor-widget elementor-widget-image\" data-id=\"f87d789\" data-element_type=\"widget\" data-e-type=\"widget\" data-widget_type=\"image.default\">\n\t\t\t\t<div class=\"elementor-widget-container\">\n\t\t\t\t\t\t\t\t\t\t\t\t\t\t\t<img fetchpriority=\"high\" decoding=\"async\" width=\"758\" height=\"1024\" src=\"https:\/\/vezinacybersolutions.com\/wp-content\/uploads\/2024\/10\/vCISO-bigstock-Compass-left-on-blue-concrete-background-405540026-resized-758x1024.jpg\" class=\"attachment-large size-large wp-image-427\" alt=\"\" srcset=\"https:\/\/vezinacybersolutions.com\/wp-content\/uploads\/2024\/10\/vCISO-bigstock-Compass-left-on-blue-concrete-background-405540026-resized-758x1024.jpg 758w, https:\/\/vezinacybersolutions.com\/wp-content\/uploads\/2024\/10\/vCISO-bigstock-Compass-left-on-blue-concrete-background-405540026-resized-222x300.jpg 222w, https:\/\/vezinacybersolutions.com\/wp-content\/uploads\/2024\/10\/vCISO-bigstock-Compass-left-on-blue-concrete-background-405540026-resized-768x1037.jpg 768w, https:\/\/vezinacybersolutions.com\/wp-content\/uploads\/2024\/10\/vCISO-bigstock-Compass-left-on-blue-concrete-background-405540026-resized-1138x1536.jpg 1138w, https:\/\/vezinacybersolutions.com\/wp-content\/uploads\/2024\/10\/vCISO-bigstock-Compass-left-on-blue-concrete-background-405540026-resized-9x12.jpg 9w, https:\/\/vezinacybersolutions.com\/wp-content\/uploads\/2024\/10\/vCISO-bigstock-Compass-left-on-blue-concrete-background-405540026-resized.jpg 1331w\" sizes=\"(max-width: 758px) 100vw, 758px\" \/>\t\t\t\t\t\t\t\t\t\t\t\t\t\t\t<\/div>\n\t\t\t\t<\/div>\n\t\t\t\t<\/div>\n\t\t<div class=\"elementor-element elementor-element-8959bc6 e-con-full e-flex wpr-particle-no wpr-jarallax-no wpr-parallax-no wpr-sticky-section-no wpr-equal-height-no e-con e-child\" data-id=\"8959bc6\" data-element_type=\"container\" data-e-type=\"container\">\n\t\t\t\t<div class=\"elementor-element elementor-element-1bb547b elementor-widget elementor-widget-heading\" data-id=\"1bb547b\" data-element_type=\"widget\" data-e-type=\"widget\" data-widget_type=\"heading.default\">\n\t\t\t\t<div class=\"elementor-widget-container\">\n\t\t\t\t\t<h2 class=\"elementor-heading-title elementor-size-default\">Virtual CISO<\/h2>\t\t\t\t<\/div>\n\t\t\t\t<\/div>\n\t\t\t\t<div class=\"elementor-element elementor-element-3c3fc64 elementor-widget elementor-widget-text-editor\" data-id=\"3c3fc64\" data-element_type=\"widget\" data-e-type=\"widget\" data-widget_type=\"text-editor.default\">\n\t\t\t\t<div class=\"elementor-widget-container\">\n\t\t\t\t\t\t\t\t\t<p>Notre service vCISO (Virtual Chief Information Security Officer) offre \u00e0 votre organisation un leadership expert en cybers\u00e9curit\u00e9 de haut niveau adapt\u00e9 \u00e0 vos besoins sp\u00e9cifiques. Agissant comme une extension de votre \u00e9quipe, notre vCISO vous aide \u00e0 d\u00e9velopper et \u00e0 mettre en \u0153uvre des strat\u00e9gies de s\u00e9curit\u00e9 compl\u00e8tes qui correspondent \u00e0 vos objectifs commerciaux. Nous vous guidons dans la gestion des risques de cybers\u00e9curit\u00e9, en garantissant la conformit\u00e9 r\u00e9glementaire et en renfor\u00e7ant la posture de s\u00e9curit\u00e9 globale de votre organisation. En proposant des solutions flexibles et \u00e9volutives, notre service vCISO offre une expertise de s\u00e9curit\u00e9 de haut niveau sans les frais g\u00e9n\u00e9raux d'un RSSI interne \u00e0 temps plein, garantissant ainsi la s\u00e9curit\u00e9 et la r\u00e9silience de votre entreprise dans le paysage des menaces en constante \u00e9volution d'aujourd'hui.<\/p>\t\t\t\t\t\t\t\t<\/div>\n\t\t\t\t<\/div>\n\t\t\t\t<\/div>\n\t\t\t\t\t<\/div>\n\t\t\t\t<\/div>\n\t\t\t\t<\/div>","protected":false},"excerpt":{"rendered":"<p>Virtual CISO Our vCISO (Virtual Chief Information Security Officer) service provides your organization with expert, high-level cybersecurity leadership tailored to your specific needs. Acting as an extension of your team, our vCISO helps develop and implement comprehensive security strategies that align with your business goals. We guide you in managing cybersecurity risks, ensuring regulatory compliance, and strengthening your organization\u2019s overall security posture. By offering flexible, scalable solutions, our vCISO service delivers top-tier security expertise without the overhead of a full-time, in-house CISO, keeping your business secure and resilient in today\u2019s ever-evolving threat landscape.<\/p>","protected":false},"author":1,"featured_media":0,"parent":0,"menu_order":0,"comment_status":"closed","ping_status":"closed","template":"elementor_header_footer","meta":{"footnotes":""},"class_list":["post-211","page","type-page","status-publish","hentry"],"_links":{"self":[{"href":"https:\/\/vezinacybersolutions.com\/fr\/wp-json\/wp\/v2\/pages\/211","targetHints":{"allow":["GET"]}}],"collection":[{"href":"https:\/\/vezinacybersolutions.com\/fr\/wp-json\/wp\/v2\/pages"}],"about":[{"href":"https:\/\/vezinacybersolutions.com\/fr\/wp-json\/wp\/v2\/types\/page"}],"author":[{"embeddable":true,"href":"https:\/\/vezinacybersolutions.com\/fr\/wp-json\/wp\/v2\/users\/1"}],"replies":[{"embeddable":true,"href":"https:\/\/vezinacybersolutions.com\/fr\/wp-json\/wp\/v2\/comments?post=211"}],"version-history":[{"count":7,"href":"https:\/\/vezinacybersolutions.com\/fr\/wp-json\/wp\/v2\/pages\/211\/revisions"}],"predecessor-version":[{"id":430,"href":"https:\/\/vezinacybersolutions.com\/fr\/wp-json\/wp\/v2\/pages\/211\/revisions\/430"}],"wp:attachment":[{"href":"https:\/\/vezinacybersolutions.com\/fr\/wp-json\/wp\/v2\/media?parent=211"}],"curies":[{"name":"wp","href":"https:\/\/api.w.org\/{rel}","templated":true}]}}