{"id":218,"date":"2024-10-16T15:28:41","date_gmt":"2024-10-16T19:28:41","guid":{"rendered":"https:\/\/vezinacybersolutions.com\/?page_id=218"},"modified":"2024-10-16T15:32:55","modified_gmt":"2024-10-16T19:32:55","slug":"strategic-security-leadership","status":"publish","type":"page","link":"https:\/\/vezinacybersolutions.com\/fr\/strategic-security-leadership\/","title":{"rendered":"Leadership strat\u00e9gique en mati\u00e8re de s\u00e9curit\u00e9"},"content":{"rendered":"<div data-elementor-type=\"wp-page\" data-elementor-id=\"218\" class=\"elementor elementor-218\">\n\t\t\t\t<div class=\"elementor-element elementor-element-10040ea e-flex e-con-boxed wpr-particle-no wpr-jarallax-no wpr-parallax-no wpr-sticky-section-no wpr-equal-height-no e-con e-parent\" data-id=\"10040ea\" data-element_type=\"container\" data-e-type=\"container\">\n\t\t\t\t\t<div class=\"e-con-inner\">\n\t\t<div class=\"elementor-element elementor-element-1451429 e-con-full e-flex wpr-particle-no wpr-jarallax-no wpr-parallax-no wpr-sticky-section-no wpr-equal-height-no e-con e-child\" data-id=\"1451429\" data-element_type=\"container\" data-e-type=\"container\">\n\t\t\t\t<div class=\"elementor-element elementor-element-b394c1f elementor-widget elementor-widget-image\" data-id=\"b394c1f\" data-element_type=\"widget\" data-e-type=\"widget\" data-widget_type=\"image.default\">\n\t\t\t\t<div class=\"elementor-widget-container\">\n\t\t\t\t\t\t\t\t\t\t\t\t\t\t\t<img decoding=\"async\" width=\"157\" height=\"234\" src=\"https:\/\/vezinacybersolutions.com\/wp-content\/uploads\/2024\/10\/Picture6.jpg\" class=\"attachment-large size-large wp-image-220\" alt=\"\" \/>\t\t\t\t\t\t\t\t\t\t\t\t\t\t\t<\/div>\n\t\t\t\t<\/div>\n\t\t\t\t<\/div>\n\t\t<div class=\"elementor-element elementor-element-8959bc6 e-con-full e-flex wpr-particle-no wpr-jarallax-no wpr-parallax-no wpr-sticky-section-no wpr-equal-height-no e-con e-child\" data-id=\"8959bc6\" data-element_type=\"container\" data-e-type=\"container\">\n\t\t\t\t<div class=\"elementor-element elementor-element-1bb547b elementor-widget elementor-widget-heading\" data-id=\"1bb547b\" data-element_type=\"widget\" data-e-type=\"widget\" data-widget_type=\"heading.default\">\n\t\t\t\t<div class=\"elementor-widget-container\">\n\t\t\t\t\t<h2 class=\"elementor-heading-title elementor-size-default\">Leadership strat\u00e9gique en mati\u00e8re de s\u00e9curit\u00e9\n<\/h2>\t\t\t\t<\/div>\n\t\t\t\t<\/div>\n\t\t\t\t<div class=\"elementor-element elementor-element-2a0fd87 elementor-widget elementor-widget-heading\" data-id=\"2a0fd87\" data-element_type=\"widget\" data-e-type=\"widget\" data-widget_type=\"heading.default\">\n\t\t\t\t<div class=\"elementor-widget-container\">\n\t\t\t\t\t<h4 class=\"elementor-heading-title elementor-size-default\">Vision de s\u00e9curit\u00e9 et d\u00e9veloppement de strat\u00e9gies\n<\/h4>\t\t\t\t<\/div>\n\t\t\t\t<\/div>\n\t\t\t\t<div class=\"elementor-element elementor-element-3c3fc64 elementor-widget elementor-widget-text-editor\" data-id=\"3c3fc64\" data-element_type=\"widget\" data-e-type=\"widget\" data-widget_type=\"text-editor.default\">\n\t\t\t\t<div class=\"elementor-widget-container\">\n\t\t\t\t\t\t\t\t\t<p>En collaborant \u00e9troitement avec votre \u00e9quipe de direction, nous \u00e9valuons les risques actuels, anticipons les d\u00e9fis futurs, d\u00e9finissons une vision et une strat\u00e9gie claires et cr\u00e9ons une feuille de route compl\u00e8te en mati\u00e8re de cybers\u00e9curit\u00e9 adapt\u00e9e \u00e0 votre organisation. Cette approche structur\u00e9e garantit que vos efforts de s\u00e9curit\u00e9 prot\u00e8gent non seulement vos actifs, mais stimulent \u00e9galement la croissance de votre entreprise et am\u00e9liorent sa r\u00e9silience.<\/p>\t\t\t\t\t\t\t\t<\/div>\n\t\t\t\t<\/div>\n\t\t\t\t<div class=\"elementor-element elementor-element-a3de91b elementor-widget elementor-widget-heading\" data-id=\"a3de91b\" data-element_type=\"widget\" data-e-type=\"widget\" data-widget_type=\"heading.default\">\n\t\t\t\t<div class=\"elementor-widget-container\">\n\t\t\t\t\t<h4 class=\"elementor-heading-title elementor-size-default\">Cadre de gouvernance de la s\u00e9curit\u00e9\n<\/h4>\t\t\t\t<\/div>\n\t\t\t\t<\/div>\n\t\t\t\t<div class=\"elementor-element elementor-element-ed8441f elementor-widget elementor-widget-text-editor\" data-id=\"ed8441f\" data-element_type=\"widget\" data-e-type=\"widget\" data-widget_type=\"text-editor.default\">\n\t\t\t\t<div class=\"elementor-widget-container\">\n\t\t\t\t\t\t\t\t\t<p>Nous vous aidons \u00e0 \u00e9tablir des structures de gouvernance qui int\u00e8grent les politiques de s\u00e9curit\u00e9, la gestion des risques et la conformit\u00e9 dans un cadre coh\u00e9rent. En alignant les pratiques de s\u00e9curit\u00e9 sur les objectifs commerciaux et les normes industrielles telles que ISO 27001 et NIST, nous cr\u00e9ons les bases d'une r\u00e9silience et d'une conformit\u00e9 r\u00e9glementaire \u00e0 long terme.<\/p>\t\t\t\t\t\t\t\t<\/div>\n\t\t\t\t<\/div>\n\t\t\t\t<div class=\"elementor-element elementor-element-8cb80ac elementor-widget elementor-widget-heading\" data-id=\"8cb80ac\" data-element_type=\"widget\" data-e-type=\"widget\" data-widget_type=\"heading.default\">\n\t\t\t\t<div class=\"elementor-widget-container\">\n\t\t\t\t\t<h4 class=\"elementor-heading-title elementor-size-default\">Gouvernance de l'IA\n<\/h4>\t\t\t\t<\/div>\n\t\t\t\t<\/div>\n\t\t\t\t<div class=\"elementor-element elementor-element-7240aec elementor-widget elementor-widget-text-editor\" data-id=\"7240aec\" data-element_type=\"widget\" data-e-type=\"widget\" data-widget_type=\"text-editor.default\">\n\t\t\t\t<div class=\"elementor-widget-container\">\n\t\t\t\t\t\t\t\t\t<p>Nous offrons des conseils d\u2019experts pour \u00e9tablir des cadres de gouvernance complets pour garantir une utilisation responsable, s\u00e9curis\u00e9e et \u00e9thique de l\u2019intelligence artificielle. Notre service aide les organisations \u00e0 g\u00e9rer les risques et opportunit\u00e9s de l\u2019IA en alignant le d\u00e9ploiement de l\u2019IA sur les normes r\u00e9glementaires, les principes \u00e9thiques et les meilleures pratiques en mati\u00e8re de cybers\u00e9curit\u00e9.<\/p>\t\t\t\t\t\t\t\t<\/div>\n\t\t\t\t<\/div>\n\t\t\t\t<div class=\"elementor-element elementor-element-705c4a3 elementor-widget elementor-widget-heading\" data-id=\"705c4a3\" data-element_type=\"widget\" data-e-type=\"widget\" data-widget_type=\"heading.default\">\n\t\t\t\t<div class=\"elementor-widget-container\">\n\t\t\t\t\t<h4 class=\"elementor-heading-title elementor-size-default\">D\u00e9veloppement de m\u00e9triques et de KPI\n<\/h4>\t\t\t\t<\/div>\n\t\t\t\t<\/div>\n\t\t\t\t<div class=\"elementor-element elementor-element-fa8fa61 elementor-widget elementor-widget-text-editor\" data-id=\"fa8fa61\" data-element_type=\"widget\" data-e-type=\"widget\" data-widget_type=\"text-editor.default\">\n\t\t\t\t<div class=\"elementor-widget-container\">\n\t\t\t\t\t\t\t\t\t<p>Nous aidons les organisations \u00e0 d\u00e9velopper des indicateurs de performance cl\u00e9s (KPI) de s\u00e9curit\u00e9 et de risque adapt\u00e9s \u00e0 vos objectifs strat\u00e9giques. En \u00e9tablissant ces KPI, vous pouvez obtenir des informations pr\u00e9cieuses sur votre posture de s\u00e9curit\u00e9, favoriser une am\u00e9lioration continue et garantir la responsabilit\u00e9 au sein de votre organisation.<\/p>\t\t\t\t\t\t\t\t<\/div>\n\t\t\t\t<\/div>\n\t\t\t\t<\/div>\n\t\t\t\t\t<\/div>\n\t\t\t\t<\/div>\n\t\t\t\t<\/div>","protected":false},"excerpt":{"rendered":"<p>Strategic Security Leadership Security Vision and Strategy Development By closely collaborating with your leadership team, we assess current risks, anticipate future challenges, define a clear vision and strategy, and create a comprehensive cybersecurity roadmap tailored to your organization. This structured approach ensures that your security efforts not only protect your assets but also drive business growth and enhance resilience. Security Governance Framework We help you establish governance structures that integrate security policies, risk management, and compliance into a cohesive framework. By aligning security practices with business objectives and industry standards such as ISO 27001 and NIST, we create a foundation for long-term resilience and regulatory compliance. AI Governance We offer expert guidance in establishing comprehensive governance frameworks to ensure the responsible, secure, and ethical use of Artificial Intelligence. Our service helps organizations navigate AI risks and opportunities by aligning AI deployment with regulatory standards, ethical principles, and cybersecurity best practices. Metrics and KPI Development We help organizations develop tailored security and risk key performance indicators (KPIs) that align with your strategic objectives. By establishing these KPIs, you can gain valuable insights into your security posture, drive continuous improvement, and ensure accountability across your organization.<\/p>","protected":false},"author":1,"featured_media":0,"parent":0,"menu_order":0,"comment_status":"closed","ping_status":"closed","template":"elementor_header_footer","meta":{"footnotes":""},"class_list":["post-218","page","type-page","status-publish","hentry"],"_links":{"self":[{"href":"https:\/\/vezinacybersolutions.com\/fr\/wp-json\/wp\/v2\/pages\/218","targetHints":{"allow":["GET"]}}],"collection":[{"href":"https:\/\/vezinacybersolutions.com\/fr\/wp-json\/wp\/v2\/pages"}],"about":[{"href":"https:\/\/vezinacybersolutions.com\/fr\/wp-json\/wp\/v2\/types\/page"}],"author":[{"embeddable":true,"href":"https:\/\/vezinacybersolutions.com\/fr\/wp-json\/wp\/v2\/users\/1"}],"replies":[{"embeddable":true,"href":"https:\/\/vezinacybersolutions.com\/fr\/wp-json\/wp\/v2\/comments?post=218"}],"version-history":[{"count":4,"href":"https:\/\/vezinacybersolutions.com\/fr\/wp-json\/wp\/v2\/pages\/218\/revisions"}],"predecessor-version":[{"id":223,"href":"https:\/\/vezinacybersolutions.com\/fr\/wp-json\/wp\/v2\/pages\/218\/revisions\/223"}],"wp:attachment":[{"href":"https:\/\/vezinacybersolutions.com\/fr\/wp-json\/wp\/v2\/media?parent=218"}],"curies":[{"name":"wp","href":"https:\/\/api.w.org\/{rel}","templated":true}]}}