{"id":224,"date":"2024-10-16T15:33:37","date_gmt":"2024-10-16T19:33:37","guid":{"rendered":"https:\/\/vezinacybersolutions.com\/?page_id=224"},"modified":"2024-10-22T12:51:37","modified_gmt":"2024-10-22T16:51:37","slug":"risk-management-and-compliance","status":"publish","type":"page","link":"https:\/\/vezinacybersolutions.com\/fr\/risk-management-and-compliance\/","title":{"rendered":"Gestion des risques et conformit\u00e9"},"content":{"rendered":"<div data-elementor-type=\"wp-page\" data-elementor-id=\"224\" class=\"elementor elementor-224\">\n\t\t\t\t<div class=\"elementor-element elementor-element-10040ea e-flex e-con-boxed wpr-particle-no wpr-jarallax-no wpr-parallax-no wpr-sticky-section-no wpr-equal-height-no e-con e-parent\" data-id=\"10040ea\" data-element_type=\"container\" data-e-type=\"container\">\n\t\t\t\t\t<div class=\"e-con-inner\">\n\t\t<div class=\"elementor-element elementor-element-1451429 e-con-full e-flex wpr-particle-no wpr-jarallax-no wpr-parallax-no wpr-sticky-section-no wpr-equal-height-no e-con e-child\" data-id=\"1451429\" data-element_type=\"container\" data-e-type=\"container\">\n\t\t\t\t<div class=\"elementor-element elementor-element-b394c1f elementor-widget elementor-widget-image\" data-id=\"b394c1f\" data-element_type=\"widget\" data-e-type=\"widget\" data-widget_type=\"image.default\">\n\t\t\t\t<div class=\"elementor-widget-container\">\n\t\t\t\t\t\t\t\t\t\t\t\t\t\t\t<img fetchpriority=\"high\" decoding=\"async\" width=\"735\" height=\"1024\" src=\"https:\/\/vezinacybersolutions.com\/wp-content\/uploads\/2024\/10\/RiskMgmt-bigstock-Risk-Concept-Blocks-Piled-289516054-resized-735x1024.jpg\" class=\"attachment-large size-large wp-image-431\" alt=\"\" srcset=\"https:\/\/vezinacybersolutions.com\/wp-content\/uploads\/2024\/10\/RiskMgmt-bigstock-Risk-Concept-Blocks-Piled-289516054-resized-735x1024.jpg 735w, https:\/\/vezinacybersolutions.com\/wp-content\/uploads\/2024\/10\/RiskMgmt-bigstock-Risk-Concept-Blocks-Piled-289516054-resized-215x300.jpg 215w, https:\/\/vezinacybersolutions.com\/wp-content\/uploads\/2024\/10\/RiskMgmt-bigstock-Risk-Concept-Blocks-Piled-289516054-resized-768x1070.jpg 768w, https:\/\/vezinacybersolutions.com\/wp-content\/uploads\/2024\/10\/RiskMgmt-bigstock-Risk-Concept-Blocks-Piled-289516054-resized-9x12.jpg 9w, https:\/\/vezinacybersolutions.com\/wp-content\/uploads\/2024\/10\/RiskMgmt-bigstock-Risk-Concept-Blocks-Piled-289516054-resized.jpg 988w\" sizes=\"(max-width: 735px) 100vw, 735px\" \/>\t\t\t\t\t\t\t\t\t\t\t\t\t\t\t<\/div>\n\t\t\t\t<\/div>\n\t\t\t\t<\/div>\n\t\t<div class=\"elementor-element elementor-element-8959bc6 e-con-full e-flex wpr-particle-no wpr-jarallax-no wpr-parallax-no wpr-sticky-section-no wpr-equal-height-no e-con e-child\" data-id=\"8959bc6\" data-element_type=\"container\" data-e-type=\"container\">\n\t\t\t\t<div class=\"elementor-element elementor-element-1bb547b elementor-widget elementor-widget-heading\" data-id=\"1bb547b\" data-element_type=\"widget\" data-e-type=\"widget\" data-widget_type=\"heading.default\">\n\t\t\t\t<div class=\"elementor-widget-container\">\n\t\t\t\t\t<h2 class=\"elementor-heading-title elementor-size-default\">Gestion des risques et conformit\u00e9\n<\/h2>\t\t\t\t<\/div>\n\t\t\t\t<\/div>\n\t\t\t\t<div class=\"elementor-element elementor-element-2a0fd87 elementor-widget elementor-widget-heading\" data-id=\"2a0fd87\" data-element_type=\"widget\" data-e-type=\"widget\" data-widget_type=\"heading.default\">\n\t\t\t\t<div class=\"elementor-widget-container\">\n\t\t\t\t\t<h4 class=\"elementor-heading-title elementor-size-default\">\u00c9valuations de la maturit\u00e9 de la s\u00e9curit\u00e9\n<\/h4>\t\t\t\t<\/div>\n\t\t\t\t<\/div>\n\t\t\t\t<div class=\"elementor-element elementor-element-3c3fc64 elementor-widget elementor-widget-text-editor\" data-id=\"3c3fc64\" data-element_type=\"widget\" data-e-type=\"widget\" data-widget_type=\"text-editor.default\">\n\t\t\t\t<div class=\"elementor-widget-container\">\n\t\t\t\t\t\t\t\t\t<p>Nous fournissons une \u00e9valuation compl\u00e8te de la posture actuelle de cybers\u00e9curit\u00e9 de votre organisation selon des cadres standard. Nous identifions les points forts et d\u00e9couvrons les lacunes de votre infrastructure, processus et politiques de s\u00e9curit\u00e9, et d\u00e9veloppons une feuille de route sur mesure pour am\u00e9liorer votre maturit\u00e9 en mati\u00e8re de s\u00e9curit\u00e9.<\/p>\t\t\t\t\t\t\t\t<\/div>\n\t\t\t\t<\/div>\n\t\t\t\t<div class=\"elementor-element elementor-element-a3de91b elementor-widget elementor-widget-heading\" data-id=\"a3de91b\" data-element_type=\"widget\" data-e-type=\"widget\" data-widget_type=\"heading.default\">\n\t\t\t\t<div class=\"elementor-widget-container\">\n\t\t\t\t\t<h4 class=\"elementor-heading-title elementor-size-default\">Identification des risques et planification des actions\n<\/h4>\t\t\t\t<\/div>\n\t\t\t\t<\/div>\n\t\t\t\t<div class=\"elementor-element elementor-element-ed8441f elementor-widget elementor-widget-text-editor\" data-id=\"ed8441f\" data-element_type=\"widget\" data-e-type=\"widget\" data-widget_type=\"text-editor.default\">\n\t\t\t\t<div class=\"elementor-widget-container\">\n\t\t\t\t\t\t\t\t\t<p>Nous travaillons avec votre \u00e9quipe pour identifier les risques et les vuln\u00e9rabilit\u00e9s, \u00e9valuer les impacts potentiels, d\u00e9velopper un registre des risques et cr\u00e9er une strat\u00e9gie d'att\u00e9nuation des risques prioris\u00e9e et adapt\u00e9e \u00e0 votre entreprise. Cette approche garantit que les risques les plus critiques sont trait\u00e9s en premier, ce qui vous permet d'am\u00e9liorer votre posture de s\u00e9curit\u00e9, de r\u00e9duire les menaces et de prot\u00e9ger efficacement vos op\u00e9rations.<\/p>\t\t\t\t\t\t\t\t<\/div>\n\t\t\t\t<\/div>\n\t\t\t\t<div class=\"elementor-element elementor-element-8cb80ac elementor-widget elementor-widget-heading\" data-id=\"8cb80ac\" data-element_type=\"widget\" data-e-type=\"widget\" data-widget_type=\"heading.default\">\n\t\t\t\t<div class=\"elementor-widget-container\">\n\t\t\t\t\t<h4 class=\"elementor-heading-title elementor-size-default\">Gestion de la conformit\u00e9\n<\/h4>\t\t\t\t<\/div>\n\t\t\t\t<\/div>\n\t\t\t\t<div class=\"elementor-element elementor-element-7240aec elementor-widget elementor-widget-text-editor\" data-id=\"7240aec\" data-element_type=\"widget\" data-e-type=\"widget\" data-widget_type=\"text-editor.default\">\n\t\t\t\t<div class=\"elementor-widget-container\">\n\t\t\t\t\t\t\t\t\t<p>Nous aidons les organisations \u00e0 \u00e9valuer leur posture de s\u00e9curit\u00e9 actuelle par rapport aux exigences r\u00e9glementaires telles que le RGPD, la HIPAA ou la CMMC. Nous identifions les lacunes dans vos processus et contr\u00f4les existants, puis travaillons avec vous pour \u00e9laborer des plans d'action pour combler ces lacunes et garantir une conformit\u00e9 totale. Nous pouvons vous guider dans les processus d\u2019attestation et de certification (SOC 2, ISO 27001, etc.) et superviser divers audits internes et externes.<\/p>\t\t\t\t\t\t\t\t<\/div>\n\t\t\t\t<\/div>\n\t\t\t\t<div class=\"elementor-element elementor-element-705c4a3 elementor-widget elementor-widget-heading\" data-id=\"705c4a3\" data-element_type=\"widget\" data-e-type=\"widget\" data-widget_type=\"heading.default\">\n\t\t\t\t<div class=\"elementor-widget-container\">\n\t\t\t\t\t<h4 class=\"elementor-heading-title elementor-size-default\">Gestion des risques de s\u00e9curit\u00e9 des fournisseurs\n<\/h4>\t\t\t\t<\/div>\n\t\t\t\t<\/div>\n\t\t\t\t<div class=\"elementor-element elementor-element-fa8fa61 elementor-widget elementor-widget-text-editor\" data-id=\"fa8fa61\" data-element_type=\"widget\" data-e-type=\"widget\" data-widget_type=\"text-editor.default\">\n\t\t\t\t<div class=\"elementor-widget-container\">\n\t\t\t\t\t\t\t\t\t<p>Nous vous guidons tout au long du processus d'identification des vuln\u00e9rabilit\u00e9s potentielles de votre cha\u00eene d'approvisionnement, de r\u00e9alisation d'\u00e9valuations des risques et d'\u00e9laboration de politiques pour garantir que les engagements des tiers sont conformes \u00e0 vos normes de s\u00e9curit\u00e9. Nous pouvons \u00e9galement vous aider \u00e0 \u00e9laborer des avenants au contrat pour r\u00e9pondre aux risques de s\u00e9curit\u00e9 des tiers et d\u00e9limiter clairement les responsabilit\u00e9s.<\/p>\t\t\t\t\t\t\t\t<\/div>\n\t\t\t\t<\/div>\n\t\t\t\t<div class=\"elementor-element elementor-element-cd26b21 elementor-widget elementor-widget-heading\" data-id=\"cd26b21\" data-element_type=\"widget\" data-e-type=\"widget\" data-widget_type=\"heading.default\">\n\t\t\t\t<div class=\"elementor-widget-container\">\n\t\t\t\t\t<h4 class=\"elementor-heading-title elementor-size-default\">\u00c9valuations de la confidentialit\u00e9\n<\/h4>\t\t\t\t<\/div>\n\t\t\t\t<\/div>\n\t\t\t\t<div class=\"elementor-element elementor-element-da018f4 elementor-widget elementor-widget-text-editor\" data-id=\"da018f4\" data-element_type=\"widget\" data-e-type=\"widget\" data-widget_type=\"text-editor.default\">\n\t\t\t\t<div class=\"elementor-widget-container\">\n\t\t\t\t\t\t\t\t\t<p>Nous \u00e9valuons la conformit\u00e9 de votre organisation aux lois sur la confidentialit\u00e9 telles que le RGPD et le CCPA, le PROJET DE LOI C-27 du Canada ou la loi 25 du Qu\u00e9bec. Nous \u00e9valuons minutieusement la mani\u00e8re dont les donn\u00e9es personnelles sont collect\u00e9es, stock\u00e9es et trait\u00e9es pour identifier les lacunes ou les risques, et vous aidons \u00e0 \u00e9tablir une conformit\u00e9. plan d'action. Nous pouvons vous aider dans les analyses d\u2019impact sur la protection des donn\u00e9es<\/p>\t\t\t\t\t\t\t\t<\/div>\n\t\t\t\t<\/div>\n\t\t\t\t<\/div>\n\t\t\t\t\t<\/div>\n\t\t\t\t<\/div>\n\t\t\t\t<\/div>","protected":false},"excerpt":{"rendered":"<p>Risk Management and Compliance Security Maturity Assessments We provide a comprehensive evaluation of your organization&#8217;s current cybersecurity posture according to standard frameworks. We identify strengths and uncover gaps across your security infrastructure, processes, and policies, and develop a tailored roadmap to enhance your security maturity. Risk Identification and Action Planning We work with your team to identify risks and vulnerabilities, evaluate potential impacts, develop a risk register, and create a prioritized risk mitigation strategy tailored to your business. This approach ensures that the most critical risks are addressed first, enabling you to enhance your security posture, reduce threats, and protect your operations effectively. Compliance Management We help organizations assess their current security posture against regulatory requirements such as GDPR, HIPAA, or CMMC. We identify gaps in your existing processes and controls, then work with you to develop actionable plans to close those gaps and ensure full compliance. We can guide you through attestation and certification processes (SOC 2, ISO 27001, etc.), and oversee various internal and external audits. Vendor Security Risk Management We guide you through the process of identifying potential vulnerabilities in your supply chain, conducting risk assessments, and developing policies to ensure that third-party engagements align with your security standards. We can also assist you in developing contract addendums to address third party security risks and clearly delineate responsibilities. Privacy Assessments We evaluate your organization&#8217;s compliance with privacy laws such as GDPR and CCPA, Canada&#8217;s BILL C-27 or Quebec Law 25. We thoroughly assess how personal data is collected, stored, and processed to identify any gaps or risks, and help you establish a compliance action plan. We can assist in Data Protection Impact Analyses<\/p>","protected":false},"author":1,"featured_media":0,"parent":0,"menu_order":0,"comment_status":"closed","ping_status":"closed","template":"elementor_header_footer","meta":{"footnotes":""},"class_list":["post-224","page","type-page","status-publish","hentry"],"_links":{"self":[{"href":"https:\/\/vezinacybersolutions.com\/fr\/wp-json\/wp\/v2\/pages\/224","targetHints":{"allow":["GET"]}}],"collection":[{"href":"https:\/\/vezinacybersolutions.com\/fr\/wp-json\/wp\/v2\/pages"}],"about":[{"href":"https:\/\/vezinacybersolutions.com\/fr\/wp-json\/wp\/v2\/types\/page"}],"author":[{"embeddable":true,"href":"https:\/\/vezinacybersolutions.com\/fr\/wp-json\/wp\/v2\/users\/1"}],"replies":[{"embeddable":true,"href":"https:\/\/vezinacybersolutions.com\/fr\/wp-json\/wp\/v2\/comments?post=224"}],"version-history":[{"count":7,"href":"https:\/\/vezinacybersolutions.com\/fr\/wp-json\/wp\/v2\/pages\/224\/revisions"}],"predecessor-version":[{"id":434,"href":"https:\/\/vezinacybersolutions.com\/fr\/wp-json\/wp\/v2\/pages\/224\/revisions\/434"}],"wp:attachment":[{"href":"https:\/\/vezinacybersolutions.com\/fr\/wp-json\/wp\/v2\/media?parent=224"}],"curies":[{"name":"wp","href":"https:\/\/api.w.org\/{rel}","templated":true}]}}