{"id":230,"date":"2024-10-16T15:36:40","date_gmt":"2024-10-16T19:36:40","guid":{"rendered":"https:\/\/vezinacybersolutions.com\/?page_id=230"},"modified":"2024-10-22T12:56:22","modified_gmt":"2024-10-22T16:56:22","slug":"policy-and-program-development","status":"publish","type":"page","link":"https:\/\/vezinacybersolutions.com\/fr\/policy-and-program-development\/","title":{"rendered":"D\u00e9veloppement de politiques et de programmes"},"content":{"rendered":"<div data-elementor-type=\"wp-page\" data-elementor-id=\"230\" class=\"elementor elementor-230\">\n\t\t\t\t<div class=\"elementor-element elementor-element-10040ea e-flex e-con-boxed wpr-particle-no wpr-jarallax-no wpr-parallax-no wpr-sticky-section-no wpr-equal-height-no e-con e-parent\" data-id=\"10040ea\" data-element_type=\"container\" data-e-type=\"container\">\n\t\t\t\t\t<div class=\"e-con-inner\">\n\t\t<div class=\"elementor-element elementor-element-1451429 e-con-full e-flex wpr-particle-no wpr-jarallax-no wpr-parallax-no wpr-sticky-section-no wpr-equal-height-no e-con e-child\" data-id=\"1451429\" data-element_type=\"container\" data-e-type=\"container\">\n\t\t\t\t<div class=\"elementor-element elementor-element-a529d74 elementor-widget elementor-widget-image\" data-id=\"a529d74\" data-element_type=\"widget\" data-e-type=\"widget\" data-widget_type=\"image.default\">\n\t\t\t\t<div class=\"elementor-widget-container\">\n\t\t\t\t\t\t\t\t\t\t\t\t\t\t\t<img fetchpriority=\"high\" decoding=\"async\" width=\"798\" height=\"1024\" src=\"https:\/\/vezinacybersolutions.com\/wp-content\/uploads\/2024\/10\/Policy-Closed-padlock-on-digital-background-abstract-shutterstock_1839293080-798x1024.jpg\" class=\"attachment-large size-large wp-image-435\" alt=\"\" srcset=\"https:\/\/vezinacybersolutions.com\/wp-content\/uploads\/2024\/10\/Policy-Closed-padlock-on-digital-background-abstract-shutterstock_1839293080-798x1024.jpg 798w, https:\/\/vezinacybersolutions.com\/wp-content\/uploads\/2024\/10\/Policy-Closed-padlock-on-digital-background-abstract-shutterstock_1839293080-234x300.jpg 234w, https:\/\/vezinacybersolutions.com\/wp-content\/uploads\/2024\/10\/Policy-Closed-padlock-on-digital-background-abstract-shutterstock_1839293080-768x986.jpg 768w, https:\/\/vezinacybersolutions.com\/wp-content\/uploads\/2024\/10\/Policy-Closed-padlock-on-digital-background-abstract-shutterstock_1839293080-1196x1536.jpg 1196w, https:\/\/vezinacybersolutions.com\/wp-content\/uploads\/2024\/10\/Policy-Closed-padlock-on-digital-background-abstract-shutterstock_1839293080-9x12.jpg 9w, https:\/\/vezinacybersolutions.com\/wp-content\/uploads\/2024\/10\/Policy-Closed-padlock-on-digital-background-abstract-shutterstock_1839293080.jpg 1402w\" sizes=\"(max-width: 798px) 100vw, 798px\" \/>\t\t\t\t\t\t\t\t\t\t\t\t\t\t\t<\/div>\n\t\t\t\t<\/div>\n\t\t\t\t<\/div>\n\t\t<div class=\"elementor-element elementor-element-8959bc6 e-con-full e-flex wpr-particle-no wpr-jarallax-no wpr-parallax-no wpr-sticky-section-no wpr-equal-height-no e-con e-child\" data-id=\"8959bc6\" data-element_type=\"container\" data-e-type=\"container\">\n\t\t\t\t<div class=\"elementor-element elementor-element-1bb547b elementor-widget elementor-widget-heading\" data-id=\"1bb547b\" data-element_type=\"widget\" data-e-type=\"widget\" data-widget_type=\"heading.default\">\n\t\t\t\t<div class=\"elementor-widget-container\">\n\t\t\t\t\t<h2 class=\"elementor-heading-title elementor-size-default\">D\u00e9veloppement de politiques et de programmes\n<\/h2>\t\t\t\t<\/div>\n\t\t\t\t<\/div>\n\t\t\t\t<div class=\"elementor-element elementor-element-2a0fd87 elementor-widget elementor-widget-heading\" data-id=\"2a0fd87\" data-element_type=\"widget\" data-e-type=\"widget\" data-widget_type=\"heading.default\">\n\t\t\t\t<div class=\"elementor-widget-container\">\n\t\t\t\t\t<h4 class=\"elementor-heading-title elementor-size-default\">D\u00e9veloppement de politiques de s\u00e9curit\u00e9\n<\/h4>\t\t\t\t<\/div>\n\t\t\t\t<\/div>\n\t\t\t\t<div class=\"elementor-element elementor-element-3c3fc64 elementor-widget elementor-widget-text-editor\" data-id=\"3c3fc64\" data-element_type=\"widget\" data-e-type=\"widget\" data-widget_type=\"text-editor.default\">\n\t\t\t\t<div class=\"elementor-widget-container\">\n\t\t\t\t\t\t\t\t\t<p>Nous d\u00e9veloppons des politiques de s\u00e9curit\u00e9 compl\u00e8tes, pratiques et applicables, adapt\u00e9es aux besoins uniques de votre organisation, garantissant l'alignement avec les objectifs internes et les cadres reconnus tels que ISO 27001, NIST et SOC 2. Ces politiques personnalis\u00e9es fournissent une base solide pour la conformit\u00e9, la gestion des risques, et la r\u00e9silience globale de la s\u00e9curit\u00e9, tout en r\u00e9gissant efficacement les op\u00e9rations de s\u00e9curit\u00e9 pour soutenir des objectifs commerciaux plus larges et r\u00e9pondre aux normes de l'industrie.<\/p>\t\t\t\t\t\t\t\t<\/div>\n\t\t\t\t<\/div>\n\t\t\t\t<div class=\"elementor-element elementor-element-a3de91b elementor-widget elementor-widget-heading\" data-id=\"a3de91b\" data-element_type=\"widget\" data-e-type=\"widget\" data-widget_type=\"heading.default\">\n\t\t\t\t<div class=\"elementor-widget-container\">\n\t\t\t\t\t<h4 class=\"elementor-heading-title elementor-size-default\">D\u00e9veloppement de programmes de s\u00e9curit\u00e9\n<\/h4>\t\t\t\t<\/div>\n\t\t\t\t<\/div>\n\t\t\t\t<div class=\"elementor-element elementor-element-ed8441f elementor-widget elementor-widget-text-editor\" data-id=\"ed8441f\" data-element_type=\"widget\" data-e-type=\"widget\" data-widget_type=\"text-editor.default\">\n\t\t\t\t<div class=\"elementor-widget-container\">\n\t\t\t\t\t\t\t\t\t<p>Nous aidons les organisations \u00e0 d\u00e9velopper et \u00e0 mettre en \u0153uvre un programme de s\u00e9curit\u00e9 sur mesure con\u00e7u pour r\u00e9pondre \u00e0 leurs besoins sp\u00e9cifiques et \u00e0 leur profil de risque. Notre approche garantit que les mesures de s\u00e9curit\u00e9 sont align\u00e9es sur vos objectifs commerciaux, contribuant ainsi \u00e0 r\u00e9duire les risques de s\u00e9curit\u00e9 et de conformit\u00e9 \u00e0 un niveau acceptable. En int\u00e9grant les meilleures pratiques et les normes de l\u2019industrie, nous cr\u00e9ons un cadre de s\u00e9curit\u00e9 complet et adaptatif qui prot\u00e8ge les actifs de votre organisation tout en garantissant une conformit\u00e9 continue aux exigences r\u00e9glementaires. Ce programme personnalis\u00e9 offre une approche structur\u00e9e et proactive pour g\u00e9rer les risques et am\u00e9liorer la r\u00e9silience globale de la s\u00e9curit\u00e9.<\/p>\t\t\t\t\t\t\t\t<\/div>\n\t\t\t\t<\/div>\n\t\t\t\t<div class=\"elementor-element elementor-element-8cb80ac elementor-widget elementor-widget-heading\" data-id=\"8cb80ac\" data-element_type=\"widget\" data-e-type=\"widget\" data-widget_type=\"heading.default\">\n\t\t\t\t<div class=\"elementor-widget-container\">\n\t\t\t\t\t<h4 class=\"elementor-heading-title elementor-size-default\">Programme de sensibilisation \u00e0 la s\u00e9curit\u00e9\n<\/h4>\t\t\t\t<\/div>\n\t\t\t\t<\/div>\n\t\t\t\t<div class=\"elementor-element elementor-element-7240aec elementor-widget elementor-widget-text-editor\" data-id=\"7240aec\" data-element_type=\"widget\" data-e-type=\"widget\" data-widget_type=\"text-editor.default\">\n\t\t\t\t<div class=\"elementor-widget-container\">\n\t\t\t\t\t\t\t\t\t<p>Nous aidons les organisations \u00e0 d\u00e9velopper des programmes personnalis\u00e9s de sensibilisation des employ\u00e9s visant \u00e0 r\u00e9duire les risques tels que les ransomwares, qui sont souvent d\u00e9clench\u00e9s par des actions involontaires. En dotant votre personnel des connaissances appropri\u00e9es, nous vous aidons \u00e0 renforcer votre premi\u00e8re ligne de d\u00e9fense contre les cyber-risques.<\/p>\t\t\t\t\t\t\t\t<\/div>\n\t\t\t\t<\/div>\n\t\t\t\t<div class=\"elementor-element elementor-element-705c4a3 elementor-widget elementor-widget-heading\" data-id=\"705c4a3\" data-element_type=\"widget\" data-e-type=\"widget\" data-widget_type=\"heading.default\">\n\t\t\t\t<div class=\"elementor-widget-container\">\n\t\t\t\t\t<h4 class=\"elementor-heading-title elementor-size-default\">Programme de gestion de la continuit\u00e9 des activit\u00e9s\n<\/h4>\t\t\t\t<\/div>\n\t\t\t\t<\/div>\n\t\t\t\t<div class=\"elementor-element elementor-element-fa8fa61 elementor-widget elementor-widget-text-editor\" data-id=\"fa8fa61\" data-element_type=\"widget\" data-e-type=\"widget\" data-widget_type=\"text-editor.default\">\n\t\t\t\t<div class=\"elementor-widget-container\">\n\t\t\t\t\t\t\t\t\t<p>Nous aidons les organisations \u00e0 cr\u00e9er des plans complets pour assurer leur r\u00e9silience face aux perturbations. Nous travaillons en \u00e9troite collaboration avec votre \u00e9quipe pour identifier les fonctions commerciales critiques, \u00e9valuer les risques potentiels et \u00e9tablir des strat\u00e9gies efficaces pour maintenir les op\u00e9rations pendant les incidents.<\/p>\t\t\t\t\t\t\t\t<\/div>\n\t\t\t\t<\/div>\n\t\t\t\t<\/div>\n\t\t\t\t\t<\/div>\n\t\t\t\t<\/div>\n\t\t\t\t<\/div>","protected":false},"excerpt":{"rendered":"<p>Policy and Program Development Security Policy Development We develop comprehensive, practical, and enforceable security policies tailored to your organization\u2019s unique needs, ensuring alignment with both internal goals and recognized frameworks such as ISO 27001, NIST, and SOC 2. These customized policies provide a solid foundation for compliance, risk management, and overall security resilience, while effectively governing security operations to support broader business objectives and meet industry standards. Security Program Development We assist organizations in developing and implementing a tailored security program designed to meet their specific needs and risk profile. Our approach ensures that security measures are aligned with your business objectives, helping to reduce both security and compliance risks to an acceptable level. By integrating best practices and industry standards, we create a comprehensive, adaptive security framework that protects your organization\u2019s assets while ensuring ongoing compliance with regulatory requirements. This customized program provides a structured and proactive approach to managing risks and enhancing overall security resilience. Security Awareness Program We help organizations develop customized employee awareness programs aimed at reducing risks like ransomware, which are often triggered by unintentional actions. By empowering your workforce with the right knowledge, we help you strengthen your first line of defense against cyber risks. Business Continuity Management Program We help organizations create comprehensive plans to ensure resilience in the face of disruptions. We work closely with your team to identify critical business functions, assess potential risks, and establish effective strategies for maintaining operations during incidents.<\/p>","protected":false},"author":1,"featured_media":0,"parent":0,"menu_order":0,"comment_status":"closed","ping_status":"closed","template":"elementor_header_footer","meta":{"footnotes":""},"class_list":["post-230","page","type-page","status-publish","hentry"],"_links":{"self":[{"href":"https:\/\/vezinacybersolutions.com\/fr\/wp-json\/wp\/v2\/pages\/230","targetHints":{"allow":["GET"]}}],"collection":[{"href":"https:\/\/vezinacybersolutions.com\/fr\/wp-json\/wp\/v2\/pages"}],"about":[{"href":"https:\/\/vezinacybersolutions.com\/fr\/wp-json\/wp\/v2\/types\/page"}],"author":[{"embeddable":true,"href":"https:\/\/vezinacybersolutions.com\/fr\/wp-json\/wp\/v2\/users\/1"}],"replies":[{"embeddable":true,"href":"https:\/\/vezinacybersolutions.com\/fr\/wp-json\/wp\/v2\/comments?post=230"}],"version-history":[{"count":13,"href":"https:\/\/vezinacybersolutions.com\/fr\/wp-json\/wp\/v2\/pages\/230\/revisions"}],"predecessor-version":[{"id":439,"href":"https:\/\/vezinacybersolutions.com\/fr\/wp-json\/wp\/v2\/pages\/230\/revisions\/439"}],"wp:attachment":[{"href":"https:\/\/vezinacybersolutions.com\/fr\/wp-json\/wp\/v2\/media?parent=230"}],"curies":[{"name":"wp","href":"https:\/\/api.w.org\/{rel}","templated":true}]}}