{"id":236,"date":"2024-10-16T15:39:00","date_gmt":"2024-10-16T19:39:00","guid":{"rendered":"https:\/\/vezinacybersolutions.com\/?page_id=236"},"modified":"2024-10-22T13:01:37","modified_gmt":"2024-10-22T17:01:37","slug":"security-program-implementation","status":"publish","type":"page","link":"https:\/\/vezinacybersolutions.com\/fr\/security-program-implementation\/","title":{"rendered":"Mise en \u0153uvre du programme de s\u00e9curit\u00e9"},"content":{"rendered":"<div data-elementor-type=\"wp-page\" data-elementor-id=\"236\" class=\"elementor elementor-236\">\n\t\t\t\t<div class=\"elementor-element elementor-element-10040ea e-flex e-con-boxed wpr-particle-no wpr-jarallax-no wpr-parallax-no wpr-sticky-section-no wpr-equal-height-no e-con e-parent\" data-id=\"10040ea\" data-element_type=\"container\" data-e-type=\"container\">\n\t\t\t\t\t<div class=\"e-con-inner\">\n\t\t<div class=\"elementor-element elementor-element-1451429 e-con-full e-flex wpr-particle-no wpr-jarallax-no wpr-parallax-no wpr-sticky-section-no wpr-equal-height-no e-con e-child\" data-id=\"1451429\" data-element_type=\"container\" data-e-type=\"container\">\n\t\t\t\t<div class=\"elementor-element elementor-element-b394c1f elementor-widget elementor-widget-image\" data-id=\"b394c1f\" data-element_type=\"widget\" data-e-type=\"widget\" data-widget_type=\"image.default\">\n\t\t\t\t<div class=\"elementor-widget-container\">\n\t\t\t\t\t\t\t\t\t\t\t\t\t\t\t<img fetchpriority=\"high\" decoding=\"async\" width=\"683\" height=\"1024\" src=\"https:\/\/vezinacybersolutions.com\/wp-content\/uploads\/2024\/10\/Implementation-bigstock-Chrome-Padlock-on-Laptop-Keyboard-Security-Concept-39537091-683x1024.jpg\" class=\"attachment-large size-large wp-image-440\" alt=\"\" srcset=\"https:\/\/vezinacybersolutions.com\/wp-content\/uploads\/2024\/10\/Implementation-bigstock-Chrome-Padlock-on-Laptop-Keyboard-Security-Concept-39537091-683x1024.jpg 683w, https:\/\/vezinacybersolutions.com\/wp-content\/uploads\/2024\/10\/Implementation-bigstock-Chrome-Padlock-on-Laptop-Keyboard-Security-Concept-39537091-200x300.jpg 200w, https:\/\/vezinacybersolutions.com\/wp-content\/uploads\/2024\/10\/Implementation-bigstock-Chrome-Padlock-on-Laptop-Keyboard-Security-Concept-39537091-768x1152.jpg 768w, https:\/\/vezinacybersolutions.com\/wp-content\/uploads\/2024\/10\/Implementation-bigstock-Chrome-Padlock-on-Laptop-Keyboard-Security-Concept-39537091-1024x1536.jpg 1024w, https:\/\/vezinacybersolutions.com\/wp-content\/uploads\/2024\/10\/Implementation-bigstock-Chrome-Padlock-on-Laptop-Keyboard-Security-Concept-39537091-1365x2048.jpg 1365w, https:\/\/vezinacybersolutions.com\/wp-content\/uploads\/2024\/10\/Implementation-bigstock-Chrome-Padlock-on-Laptop-Keyboard-Security-Concept-39537091-8x12.jpg 8w, https:\/\/vezinacybersolutions.com\/wp-content\/uploads\/2024\/10\/Implementation-bigstock-Chrome-Padlock-on-Laptop-Keyboard-Security-Concept-39537091-scaled.jpg 1707w\" sizes=\"(max-width: 683px) 100vw, 683px\" \/>\t\t\t\t\t\t\t\t\t\t\t\t\t\t\t<\/div>\n\t\t\t\t<\/div>\n\t\t\t\t<\/div>\n\t\t<div class=\"elementor-element elementor-element-8959bc6 e-con-full e-flex wpr-particle-no wpr-jarallax-no wpr-parallax-no wpr-sticky-section-no wpr-equal-height-no e-con e-child\" data-id=\"8959bc6\" data-element_type=\"container\" data-e-type=\"container\">\n\t\t\t\t<div class=\"elementor-element elementor-element-1bb547b elementor-widget elementor-widget-heading\" data-id=\"1bb547b\" data-element_type=\"widget\" data-e-type=\"widget\" data-widget_type=\"heading.default\">\n\t\t\t\t<div class=\"elementor-widget-container\">\n\t\t\t\t\t<h2 class=\"elementor-heading-title elementor-size-default\">Mise en \u0153uvre du programme de s\u00e9curit\u00e9\n<\/h2>\t\t\t\t<\/div>\n\t\t\t\t<\/div>\n\t\t\t\t<div class=\"elementor-element elementor-element-3c3fc64 elementor-widget elementor-widget-text-editor\" data-id=\"3c3fc64\" data-element_type=\"widget\" data-e-type=\"widget\" data-widget_type=\"text-editor.default\">\n\t\t\t\t<div class=\"elementor-widget-container\">\n\t\t\t\t\t\t\t\t\t<p>Nous sommes sp\u00e9cialis\u00e9s dans l\u2019aide aux organisations pour mettre en \u0153uvre des programmes de s\u00e9curit\u00e9 sur mesure qui correspondent \u00e0 leurs besoins commerciaux sp\u00e9cifiques et \u00e0 leurs profils de risque. Notre \u00e9quipe d'experts travaille en \u00e9troite collaboration avec vous pour \u00e9valuer votre paysage de s\u00e9curit\u00e9 actuel, identifier les vuln\u00e9rabilit\u00e9s potentielles et d\u00e9velopper un programme personnalis\u00e9 qui int\u00e8gre les meilleures pratiques et les normes de l'industrie. De l'\u00e9laboration de la strat\u00e9gie \u00e0 la mise en \u0153uvre pratique, nous veillons \u00e0 ce que vos mesures de s\u00e9curit\u00e9 r\u00e9duisent les risques \u00e0 des niveaux acceptables tout en garantissant la conformit\u00e9 aux exigences r\u00e9glementaires. Notre approche permet \u00e0 votre organisation de maintenir une posture de s\u00e9curit\u00e9 robuste et proactive qui s\u2019adapte \u00e0 l\u2019\u00e9volution des menaces.<\/p>\t\t\t\t\t\t\t\t<\/div>\n\t\t\t\t<\/div>\n\t\t\t\t<\/div>\n\t\t\t\t\t<\/div>\n\t\t\t\t<\/div>\n\t\t\t\t<\/div>","protected":false},"excerpt":{"rendered":"<p>Security Program Implementation We specialize in helping organizations implement tailored security programs that align with their specific business needs and risk profiles. Our expert team works closely with you to assess your current security landscape, identify potential vulnerabilities, and develop a customized program that integrates best practices and industry standards. From strategy development to hands-on implementation, we ensure that your security measures reduce risks to acceptable levels while supporting compliance with regulatory requirements. Our approach empowers your organization to maintain a robust, proactive security posture that adapts to evolving threats.<\/p>","protected":false},"author":1,"featured_media":0,"parent":0,"menu_order":0,"comment_status":"closed","ping_status":"closed","template":"elementor_header_footer","meta":{"footnotes":""},"class_list":["post-236","page","type-page","status-publish","hentry"],"_links":{"self":[{"href":"https:\/\/vezinacybersolutions.com\/fr\/wp-json\/wp\/v2\/pages\/236","targetHints":{"allow":["GET"]}}],"collection":[{"href":"https:\/\/vezinacybersolutions.com\/fr\/wp-json\/wp\/v2\/pages"}],"about":[{"href":"https:\/\/vezinacybersolutions.com\/fr\/wp-json\/wp\/v2\/types\/page"}],"author":[{"embeddable":true,"href":"https:\/\/vezinacybersolutions.com\/fr\/wp-json\/wp\/v2\/users\/1"}],"replies":[{"embeddable":true,"href":"https:\/\/vezinacybersolutions.com\/fr\/wp-json\/wp\/v2\/comments?post=236"}],"version-history":[{"count":19,"href":"https:\/\/vezinacybersolutions.com\/fr\/wp-json\/wp\/v2\/pages\/236\/revisions"}],"predecessor-version":[{"id":449,"href":"https:\/\/vezinacybersolutions.com\/fr\/wp-json\/wp\/v2\/pages\/236\/revisions\/449"}],"wp:attachment":[{"href":"https:\/\/vezinacybersolutions.com\/fr\/wp-json\/wp\/v2\/media?parent=236"}],"curies":[{"name":"wp","href":"https:\/\/api.w.org\/{rel}","templated":true}]}}