{"id":242,"date":"2024-10-16T15:40:27","date_gmt":"2024-10-16T19:40:27","guid":{"rendered":"https:\/\/vezinacybersolutions.com\/?page_id=242"},"modified":"2024-10-22T13:04:00","modified_gmt":"2024-10-22T17:04:00","slug":"specialized-security-services","status":"publish","type":"page","link":"https:\/\/vezinacybersolutions.com\/fr\/specialized-security-services\/","title":{"rendered":"Services de s\u00e9curit\u00e9 sp\u00e9cialis\u00e9s"},"content":{"rendered":"<div data-elementor-type=\"wp-page\" data-elementor-id=\"242\" class=\"elementor elementor-242\">\n\t\t\t\t<div class=\"elementor-element elementor-element-10040ea e-flex e-con-boxed wpr-particle-no wpr-jarallax-no wpr-parallax-no wpr-sticky-section-no wpr-equal-height-no e-con e-parent\" data-id=\"10040ea\" data-element_type=\"container\" data-e-type=\"container\">\n\t\t\t\t\t<div class=\"e-con-inner\">\n\t\t<div class=\"elementor-element elementor-element-1451429 e-con-full e-flex wpr-particle-no wpr-jarallax-no wpr-parallax-no wpr-sticky-section-no wpr-equal-height-no e-con e-child\" data-id=\"1451429\" data-element_type=\"container\" data-e-type=\"container\">\n\t\t\t\t<div class=\"elementor-element elementor-element-b394c1f elementor-widget elementor-widget-image\" data-id=\"b394c1f\" data-element_type=\"widget\" data-e-type=\"widget\" data-widget_type=\"image.default\">\n\t\t\t\t<div class=\"elementor-widget-container\">\n\t\t\t\t\t\t\t\t\t\t\t\t\t\t\t<img fetchpriority=\"high\" decoding=\"async\" width=\"684\" height=\"1024\" src=\"https:\/\/vezinacybersolutions.com\/wp-content\/uploads\/2024\/10\/Specialized-Manufacturing-homa-appliances-ERXFD4jLpJc-unsplash-684x1024.jpg\" class=\"attachment-large size-large wp-image-450\" alt=\"\" srcset=\"https:\/\/vezinacybersolutions.com\/wp-content\/uploads\/2024\/10\/Specialized-Manufacturing-homa-appliances-ERXFD4jLpJc-unsplash-684x1024.jpg 684w, https:\/\/vezinacybersolutions.com\/wp-content\/uploads\/2024\/10\/Specialized-Manufacturing-homa-appliances-ERXFD4jLpJc-unsplash-200x300.jpg 200w, https:\/\/vezinacybersolutions.com\/wp-content\/uploads\/2024\/10\/Specialized-Manufacturing-homa-appliances-ERXFD4jLpJc-unsplash-768x1150.jpg 768w, https:\/\/vezinacybersolutions.com\/wp-content\/uploads\/2024\/10\/Specialized-Manufacturing-homa-appliances-ERXFD4jLpJc-unsplash-1026x1536.jpg 1026w, https:\/\/vezinacybersolutions.com\/wp-content\/uploads\/2024\/10\/Specialized-Manufacturing-homa-appliances-ERXFD4jLpJc-unsplash-1368x2048.jpg 1368w, https:\/\/vezinacybersolutions.com\/wp-content\/uploads\/2024\/10\/Specialized-Manufacturing-homa-appliances-ERXFD4jLpJc-unsplash-8x12.jpg 8w, https:\/\/vezinacybersolutions.com\/wp-content\/uploads\/2024\/10\/Specialized-Manufacturing-homa-appliances-ERXFD4jLpJc-unsplash-scaled.jpg 1710w\" sizes=\"(max-width: 684px) 100vw, 684px\" \/>\t\t\t\t\t\t\t\t\t\t\t\t\t\t\t<\/div>\n\t\t\t\t<\/div>\n\t\t\t\t<\/div>\n\t\t<div class=\"elementor-element elementor-element-8959bc6 e-con-full e-flex wpr-particle-no wpr-jarallax-no wpr-parallax-no wpr-sticky-section-no wpr-equal-height-no e-con e-child\" data-id=\"8959bc6\" data-element_type=\"container\" data-e-type=\"container\">\n\t\t\t\t<div class=\"elementor-element elementor-element-1bb547b elementor-widget elementor-widget-heading\" data-id=\"1bb547b\" data-element_type=\"widget\" data-e-type=\"widget\" data-widget_type=\"heading.default\">\n\t\t\t\t<div class=\"elementor-widget-container\">\n\t\t\t\t\t<h2 class=\"elementor-heading-title elementor-size-default\">Services de s\u00e9curit\u00e9 sp\u00e9cialis\u00e9s\n<\/h2>\t\t\t\t<\/div>\n\t\t\t\t<\/div>\n\t\t\t\t<div class=\"elementor-element elementor-element-2a0fd87 elementor-widget elementor-widget-heading\" data-id=\"2a0fd87\" data-element_type=\"widget\" data-e-type=\"widget\" data-widget_type=\"heading.default\">\n\t\t\t\t<div class=\"elementor-widget-container\">\n\t\t\t\t\t<h4 class=\"elementor-heading-title elementor-size-default\">\u00c9valuation de la s\u00e9curit\u00e9 des technologies op\u00e9rationnelles (OT)\n<\/h4>\t\t\t\t<\/div>\n\t\t\t\t<\/div>\n\t\t\t\t<div class=\"elementor-element elementor-element-3c3fc64 elementor-widget elementor-widget-text-editor\" data-id=\"3c3fc64\" data-element_type=\"widget\" data-e-type=\"widget\" data-widget_type=\"text-editor.default\">\n\t\t\t\t<div class=\"elementor-widget-container\">\n\t\t\t\t\t\t\t\t\t<p>Nous proposons une \u00e9valuation compl\u00e8te de la maturit\u00e9 de la s\u00e9curit\u00e9 OT pour \u00e9valuer la posture de s\u00e9curit\u00e9 de la technologie op\u00e9rationnelle (OT) de votre organisation. Notre \u00e9quipe \u00e9value vos contr\u00f4les, processus et politiques de s\u00e9curit\u00e9 actuels, en les comparant aux normes et meilleures pratiques du secteur afin d'identifier les lacunes et les domaines \u00e0 am\u00e9liorer. En analysant les vuln\u00e9rabilit\u00e9s, les risques et l\u2019\u00e9tat de pr\u00e9paration global de vos syst\u00e8mes \u00e0 r\u00e9sister aux cybermenaces, nous fournissons des informations exploitables et des recommandations hi\u00e9rarchis\u00e9es. Notre objectif est d\u2019am\u00e9liorer la maturit\u00e9 de s\u00e9curit\u00e9 de votre environnement OT, en garantissant la protection des infrastructures critiques tout en maintenant l\u2019efficacit\u00e9 op\u00e9rationnelle et la r\u00e9silience.<\/p>\t\t\t\t\t\t\t\t<\/div>\n\t\t\t\t<\/div>\n\t\t\t\t<div class=\"elementor-element elementor-element-a3de91b elementor-widget elementor-widget-heading\" data-id=\"a3de91b\" data-element_type=\"widget\" data-e-type=\"widget\" data-widget_type=\"heading.default\">\n\t\t\t\t<div class=\"elementor-widget-container\">\n\t\t\t\t\t<h4 class=\"elementor-heading-title elementor-size-default\">Programme de s\u00e9curit\u00e9 des technologies op\u00e9rationnelles (OT)\n<\/h4>\t\t\t\t<\/div>\n\t\t\t\t<\/div>\n\t\t\t\t<div class=\"elementor-element elementor-element-ed8441f elementor-widget elementor-widget-text-editor\" data-id=\"ed8441f\" data-element_type=\"widget\" data-e-type=\"widget\" data-widget_type=\"text-editor.default\">\n\t\t\t\t<div class=\"elementor-widget-container\">\n\t\t\t\t\t\t\t\t\t<p>Nous aidons les organisations \u00e0 d\u00e9velopper des programmes de s\u00e9curit\u00e9 complets et personnalis\u00e9s pour leurs environnements OT\/ICS. Nos experts collaborent \u00e9troitement avec votre \u00e9quipe pour concevoir et mettre en \u0153uvre des strat\u00e9gies de s\u00e9curit\u00e9 robustes qui prot\u00e8gent vos syst\u00e8mes technologiques op\u00e9rationnels. Nous nous concentrons sur l\u2019am\u00e9lioration de la s\u00e9curit\u00e9, de la r\u00e9silience et de la conformit\u00e9 de votre infrastructure en nous alignant sur les normes et les meilleures pratiques de l\u2019industrie. Gr\u00e2ce \u00e0 une att\u00e9nuation proactive des risques et \u00e0 une am\u00e9lioration continue, nous garantissons que votre environnement OT est prot\u00e9g\u00e9 contre les menaces \u00e9volutives, permettant des op\u00e9rations ininterrompues et une s\u00e9curit\u00e9 \u00e0 long terme.<\/p>\t\t\t\t\t\t\t\t<\/div>\n\t\t\t\t<\/div>\n\t\t\t\t<div class=\"elementor-element elementor-element-8cb80ac elementor-widget elementor-widget-heading\" data-id=\"8cb80ac\" data-element_type=\"widget\" data-e-type=\"widget\" data-widget_type=\"heading.default\">\n\t\t\t\t<div class=\"elementor-widget-container\">\n\t\t\t\t\t<h4 class=\"elementor-heading-title elementor-size-default\">\u00c9valuation de la s\u00e9curit\u00e9 physique\n<\/h4>\t\t\t\t<\/div>\n\t\t\t\t<\/div>\n\t\t\t\t<div class=\"elementor-element elementor-element-7240aec elementor-widget elementor-widget-text-editor\" data-id=\"7240aec\" data-element_type=\"widget\" data-e-type=\"widget\" data-widget_type=\"text-editor.default\">\n\t\t\t\t<div class=\"elementor-widget-container\">\n\t\t\t\t\t\t\t\t\t<p>Nous \u00e9valuons l\u2019efficacit\u00e9 des mesures de s\u00e9curit\u00e9 physique de votre organisation pour prot\u00e9ger les actifs critiques. En effectuant des \u00e9valuations approfondies de vos installations, y compris les contr\u00f4les d'acc\u00e8s, les syst\u00e8mes de surveillance, les d\u00e9fenses p\u00e9rim\u00e9triques et les protocoles d'intervention, nous identifions les vuln\u00e9rabilit\u00e9s et \u00e9valuons les menaces potentielles. Notre \u00e9quipe fournit des recommandations concr\u00e8tes pour renforcer votre posture de s\u00e9curit\u00e9 physique. En s\u00e9curisant votre infrastructure physique, nous aidons \u00e0 prot\u00e9ger vos op\u00e9rations, votre personnel et vos informations sensibles contre tout acc\u00e8s non autoris\u00e9, vol ou perturbation.<\/p>\t\t\t\t\t\t\t\t<\/div>\n\t\t\t\t<\/div>\n\t\t\t\t<div class=\"elementor-element elementor-element-705c4a3 elementor-widget elementor-widget-heading\" data-id=\"705c4a3\" data-element_type=\"widget\" data-e-type=\"widget\" data-widget_type=\"heading.default\">\n\t\t\t\t<div class=\"elementor-widget-container\">\n\t\t\t\t\t<h4 class=\"elementor-heading-title elementor-size-default\">Tests d'intrusion\n<\/h4>\t\t\t\t<\/div>\n\t\t\t\t<\/div>\n\t\t\t\t<div class=\"elementor-element elementor-element-fa8fa61 elementor-widget elementor-widget-text-editor\" data-id=\"fa8fa61\" data-element_type=\"widget\" data-e-type=\"widget\" data-widget_type=\"text-editor.default\">\n\t\t\t\t<div class=\"elementor-widget-container\">\n\t\t\t\t\t\t\t\t\t<p>Nous concevons notre service personnalis\u00e9 de tests d\u2019intrusion pour simuler des cyberattaques r\u00e9elles adapt\u00e9es \u00e0 l\u2019environnement sp\u00e9cifique de votre organisation, en identifiant les vuln\u00e9rabilit\u00e9s avant qu\u2019elles ne puissent \u00eatre exploit\u00e9es. En travaillant en \u00e9troite collaboration avec votre \u00e9quipe pour comprendre vos syst\u00e8mes, votre architecture r\u00e9seau et vos contr\u00f4les de s\u00e9curit\u00e9, nous \u00e9laborons une approche de test compl\u00e8te qui refl\u00e8te les menaces les plus pertinentes. Nous fournissons des rapports d\u00e9taill\u00e9s et des recommandations concr\u00e8tes pour vous aider \u00e0 renforcer vos d\u00e9fenses, \u00e0 att\u00e9nuer les risques et \u00e0 am\u00e9liorer votre posture de s\u00e9curit\u00e9 globale, garantissant ainsi votre r\u00e9silience face \u00e0 l'\u00e9volution des cybermenaces.<\/p>\t\t\t\t\t\t\t\t<\/div>\n\t\t\t\t<\/div>\n\t\t\t\t<\/div>\n\t\t\t\t\t<\/div>\n\t\t\t\t<\/div>\n\t\t\t\t<\/div>","protected":false},"excerpt":{"rendered":"<p>Specialized Security Services Operational Technology(OT) Security Assessment We provide a comprehensive OT Security Maturity Assessment to evaluate your organization\u2019s operational technology (OT) security posture. Our team assesses your current security controls, processes, and policies, benchmarking them against industry standards and best practices to identify gaps and areas for improvement. By analyzing vulnerabilities, risks, and your systems\u2019 overall readiness to withstand cyber threats, we deliver actionable insights and prioritized recommendations. Our goal is to enhance the security maturity of your OT environment, ensuring the protection of critical infrastructure while maintaining operational efficiency and resilience. Operational Technology (OT) Security Program We help organizations develop comprehensive, tailored security programs for their OT\/ICS environments. Our experts collaborate closely with your team to design and implement robust security strategies that safeguard your operational technology systems. We focus on enhancing the safety, resilience, and compliance of your infrastructure by aligning with industry standards and best practices. Through proactive risk mitigation and continuous improvement, we ensure your OT environment is protected against evolving threats, enabling uninterrupted operations and long-term security. Physical Security Assessment We evaluate the effectiveness of your organization&#8217;s physical security measures to protect critical assets. By conducting thorough assessments of your facilities, including access controls, surveillance systems, perimeter defenses, and response protocols, we identify vulnerabilities and assess potential threats. Our team provides actionable recommendations to strengthen your physical security posture. By securing your physical infrastructure, we help safeguard your operations, personnel, and sensitive information from unauthorized access, theft, or disruption. Intrusion Tests We design our personalized intrusion testing service to simulate real-world cyberattacks tailored to your organization&#8217;s specific environment, identifying vulnerabilities before they can be exploited. By working closely with your team to understand your systems, network architecture, and security controls, we craft a comprehensive testing approach that reflects the most relevant threats. We provide detailed reports and actionable recommendations to help you strengthen defenses, mitigate risks, and enhance your overall security posture, ensuring resilience against evolving cyber threats.<\/p>","protected":false},"author":1,"featured_media":0,"parent":0,"menu_order":0,"comment_status":"closed","ping_status":"closed","template":"elementor_header_footer","meta":{"footnotes":""},"class_list":["post-242","page","type-page","status-publish","hentry"],"_links":{"self":[{"href":"https:\/\/vezinacybersolutions.com\/fr\/wp-json\/wp\/v2\/pages\/242","targetHints":{"allow":["GET"]}}],"collection":[{"href":"https:\/\/vezinacybersolutions.com\/fr\/wp-json\/wp\/v2\/pages"}],"about":[{"href":"https:\/\/vezinacybersolutions.com\/fr\/wp-json\/wp\/v2\/types\/page"}],"author":[{"embeddable":true,"href":"https:\/\/vezinacybersolutions.com\/fr\/wp-json\/wp\/v2\/users\/1"}],"replies":[{"embeddable":true,"href":"https:\/\/vezinacybersolutions.com\/fr\/wp-json\/wp\/v2\/comments?post=242"}],"version-history":[{"count":10,"href":"https:\/\/vezinacybersolutions.com\/fr\/wp-json\/wp\/v2\/pages\/242\/revisions"}],"predecessor-version":[{"id":453,"href":"https:\/\/vezinacybersolutions.com\/fr\/wp-json\/wp\/v2\/pages\/242\/revisions\/453"}],"wp:attachment":[{"href":"https:\/\/vezinacybersolutions.com\/fr\/wp-json\/wp\/v2\/media?parent=242"}],"curies":[{"name":"wp","href":"https:\/\/api.w.org\/{rel}","templated":true}]}}