{"id":257,"date":"2024-10-16T15:58:17","date_gmt":"2024-10-16T19:58:17","guid":{"rendered":"https:\/\/vezinacybersolutions.com\/?page_id=257"},"modified":"2024-10-22T13:12:15","modified_gmt":"2024-10-22T17:12:15","slug":"careers","status":"publish","type":"page","link":"https:\/\/vezinacybersolutions.com\/fr\/careers\/","title":{"rendered":"Carri\u00e8res"},"content":{"rendered":"<div data-elementor-type=\"wp-page\" data-elementor-id=\"257\" class=\"elementor elementor-257\">\n\t\t\t\t<div class=\"elementor-element elementor-element-10040ea e-flex e-con-boxed wpr-particle-no wpr-jarallax-no wpr-parallax-no wpr-sticky-section-no wpr-equal-height-no e-con e-parent\" data-id=\"10040ea\" data-element_type=\"container\" data-e-type=\"container\">\n\t\t\t\t\t<div class=\"e-con-inner\">\n\t\t<div class=\"elementor-element elementor-element-1451429 e-con-full e-flex wpr-particle-no wpr-jarallax-no wpr-parallax-no wpr-sticky-section-no wpr-equal-height-no e-con e-child\" data-id=\"1451429\" data-element_type=\"container\" data-e-type=\"container\">\n\t\t\t\t<div class=\"elementor-element elementor-element-b394c1f elementor-widget elementor-widget-image\" data-id=\"b394c1f\" data-element_type=\"widget\" data-e-type=\"widget\" data-widget_type=\"image.default\">\n\t\t\t\t<div class=\"elementor-widget-container\">\n\t\t\t\t\t\t\t\t\t\t\t\t\t\t\t<img fetchpriority=\"high\" decoding=\"async\" width=\"693\" height=\"1024\" src=\"https:\/\/vezinacybersolutions.com\/wp-content\/uploads\/2024\/10\/Careers-Stairs-hakon-sataoen-1N-qDmGlf3s-unsplash-693x1024.jpg\" class=\"attachment-large size-large wp-image-470\" alt=\"\" srcset=\"https:\/\/vezinacybersolutions.com\/wp-content\/uploads\/2024\/10\/Careers-Stairs-hakon-sataoen-1N-qDmGlf3s-unsplash-693x1024.jpg 693w, https:\/\/vezinacybersolutions.com\/wp-content\/uploads\/2024\/10\/Careers-Stairs-hakon-sataoen-1N-qDmGlf3s-unsplash-203x300.jpg 203w, https:\/\/vezinacybersolutions.com\/wp-content\/uploads\/2024\/10\/Careers-Stairs-hakon-sataoen-1N-qDmGlf3s-unsplash-768x1136.jpg 768w, https:\/\/vezinacybersolutions.com\/wp-content\/uploads\/2024\/10\/Careers-Stairs-hakon-sataoen-1N-qDmGlf3s-unsplash-8x12.jpg 8w, https:\/\/vezinacybersolutions.com\/wp-content\/uploads\/2024\/10\/Careers-Stairs-hakon-sataoen-1N-qDmGlf3s-unsplash.jpg 867w\" sizes=\"(max-width: 693px) 100vw, 693px\" \/>\t\t\t\t\t\t\t\t\t\t\t\t\t\t\t<\/div>\n\t\t\t\t<\/div>\n\t\t\t\t<\/div>\n\t\t<div class=\"elementor-element elementor-element-8959bc6 e-con-full e-flex wpr-particle-no wpr-jarallax-no wpr-parallax-no wpr-sticky-section-no wpr-equal-height-no e-con e-child\" data-id=\"8959bc6\" data-element_type=\"container\" data-e-type=\"container\">\n\t\t\t\t<div class=\"elementor-element elementor-element-1bb547b elementor-widget elementor-widget-heading\" data-id=\"1bb547b\" data-element_type=\"widget\" data-e-type=\"widget\" data-widget_type=\"heading.default\">\n\t\t\t\t<div class=\"elementor-widget-container\">\n\t\t\t\t\t<h2 class=\"elementor-heading-title elementor-size-default\">Carri\u00e8res<\/h2>\t\t\t\t<\/div>\n\t\t\t\t<\/div>\n\t\t\t\t<div class=\"elementor-element elementor-element-3c3fc64 elementor-widget elementor-widget-text-editor\" data-id=\"3c3fc64\" data-element_type=\"widget\" data-e-type=\"widget\" data-widget_type=\"text-editor.default\">\n\t\t\t\t<div class=\"elementor-widget-container\">\n\t\t\t\t\t\t\t\t\t<p>Nous sommes toujours \u00e0 la recherche de personnes talentueuses poss\u00e9dant une expertise en cybers\u00e9curit\u00e9, s\u00e9curit\u00e9 OT, s\u00e9curit\u00e9 physique, gouvernance, gestion des risques, conformit\u00e9 et protection des donn\u00e9es pour rejoindre notre \u00e9quipe. Si vous poss\u00e9dez des qualifications dans l'un de ces domaines, nous vous encourageons \u00e0 nous faire parvenir votre curriculum vitae et \u00e0 mettre en valeur vos comp\u00e9tences et votre exp\u00e9rience. Nous sommes ravis de rencontrer des professionnels passionn\u00e9s et d\u00e9sireux de contribuer \u00e0 notre mission consistant \u00e0 fournir des solutions de s\u00e9curit\u00e9 de premier plan.<\/p>\t\t\t\t\t\t\t\t<\/div>\n\t\t\t\t<\/div>\n\t\t\t\t<div class=\"elementor-element elementor-element-7da5f1f elementor-widget elementor-widget-heading\" data-id=\"7da5f1f\" data-element_type=\"widget\" data-e-type=\"widget\" data-widget_type=\"heading.default\">\n\t\t\t\t<div class=\"elementor-widget-container\">\n\t\t\t\t\t<h5 class=\"elementor-heading-title elementor-size-default\">Coordonn\u00e9es\n<\/h5>\t\t\t\t<\/div>\n\t\t\t\t<\/div>\n\t\t\t\t<div class=\"elementor-element elementor-element-cba2c67 elementor-widget elementor-widget-text-editor\" data-id=\"cba2c67\" data-element_type=\"widget\" data-e-type=\"widget\" data-widget_type=\"text-editor.default\">\n\t\t\t\t<div class=\"elementor-widget-container\">\n\t\t\t\t\t\t\t\t\t<p><strong>V\u00e9zina Cyber Solutions<\/strong><br \/><strong>Email:<\/strong> <a href=\"mailto:privacy@vezinacybersolutions.com\">info@vezinacybersolutions.com<\/a><br \/><strong>Phone:<\/strong> (438) 738-7474<\/p>\t\t\t\t\t\t\t\t<\/div>\n\t\t\t\t<\/div>\n\t\t\t\t<\/div>\n\t\t\t\t\t<\/div>\n\t\t\t\t<\/div>\n\t\t\t\t<\/div>","protected":false},"excerpt":{"rendered":"<p>Careers We are always looking for talented individuals with expertise in cybersecurity, OT security, physical security, governance, risk management, compliance, and data protection to join our team. If you have qualifications in any of these fields, we encourage you to send us your resume and highlight your skills and experience. We are excited to connect with passionate professionals who are eager to contribute to our mission of providing top-tier security solutions. Contact Information V\u00e9zina Cyber SolutionsEmail: info@vezinacybersolutions.comPhone: (438) 738-7474<\/p>","protected":false},"author":1,"featured_media":0,"parent":0,"menu_order":0,"comment_status":"closed","ping_status":"closed","template":"elementor_header_footer","meta":{"footnotes":""},"class_list":["post-257","page","type-page","status-publish","hentry"],"_links":{"self":[{"href":"https:\/\/vezinacybersolutions.com\/fr\/wp-json\/wp\/v2\/pages\/257","targetHints":{"allow":["GET"]}}],"collection":[{"href":"https:\/\/vezinacybersolutions.com\/fr\/wp-json\/wp\/v2\/pages"}],"about":[{"href":"https:\/\/vezinacybersolutions.com\/fr\/wp-json\/wp\/v2\/types\/page"}],"author":[{"embeddable":true,"href":"https:\/\/vezinacybersolutions.com\/fr\/wp-json\/wp\/v2\/users\/1"}],"replies":[{"embeddable":true,"href":"https:\/\/vezinacybersolutions.com\/fr\/wp-json\/wp\/v2\/comments?post=257"}],"version-history":[{"count":19,"href":"https:\/\/vezinacybersolutions.com\/fr\/wp-json\/wp\/v2\/pages\/257\/revisions"}],"predecessor-version":[{"id":473,"href":"https:\/\/vezinacybersolutions.com\/fr\/wp-json\/wp\/v2\/pages\/257\/revisions\/473"}],"wp:attachment":[{"href":"https:\/\/vezinacybersolutions.com\/fr\/wp-json\/wp\/v2\/media?parent=257"}],"curies":[{"name":"wp","href":"https:\/\/api.w.org\/{rel}","templated":true}]}}