{"id":3,"date":"2024-10-13T21:03:32","date_gmt":"2024-10-13T21:03:32","guid":{"rendered":"https:\/\/vezinacybersolutions.com\/?page_id=3"},"modified":"2024-10-22T13:19:24","modified_gmt":"2024-10-22T17:19:24","slug":"privacy-statment","status":"publish","type":"page","link":"https:\/\/vezinacybersolutions.com\/fr\/privacy-statment\/","title":{"rendered":"Privacy Statment"},"content":{"rendered":"<div data-elementor-type=\"wp-page\" data-elementor-id=\"3\" class=\"elementor elementor-3\">\n\t\t\t\t<div class=\"elementor-element elementor-element-5db81c7 e-flex e-con-boxed wpr-particle-no wpr-jarallax-no wpr-parallax-no wpr-sticky-section-no wpr-equal-height-no e-con e-parent\" data-id=\"5db81c7\" data-element_type=\"container\" data-e-type=\"container\">\n\t\t\t\t\t<div class=\"e-con-inner\">\n\t\t<div class=\"elementor-element elementor-element-1956865 e-con-full e-flex wpr-particle-no wpr-jarallax-no wpr-parallax-no wpr-sticky-section-no wpr-equal-height-no e-con e-child\" data-id=\"1956865\" data-element_type=\"container\" data-e-type=\"container\">\n\t\t\t\t<div class=\"elementor-element elementor-element-e94b0b1 elementor-widget elementor-widget-image\" data-id=\"e94b0b1\" data-element_type=\"widget\" data-e-type=\"widget\" data-widget_type=\"image.default\">\n\t\t\t\t<div class=\"elementor-widget-container\">\n\t\t\t\t\t\t\t\t\t\t\t\t\t\t\t<img decoding=\"async\" width=\"170\" height=\"249\" src=\"https:\/\/vezinacybersolutions.com\/wp-content\/uploads\/2024\/10\/Picture3.jpg\" class=\"attachment-large size-large wp-image-195\" alt=\"\" \/>\t\t\t\t\t\t\t\t\t\t\t\t\t\t\t<\/div>\n\t\t\t\t<\/div>\n\t\t\t\t<\/div>\n\t\t<div class=\"elementor-element elementor-element-47171a6 e-con-full e-flex wpr-particle-no wpr-jarallax-no wpr-parallax-no wpr-sticky-section-no wpr-equal-height-no e-con e-child\" data-id=\"47171a6\" data-element_type=\"container\" data-e-type=\"container\">\n\t\t\t\t<div class=\"elementor-element elementor-element-bd79bda elementor-widget elementor-widget-heading\" data-id=\"bd79bda\" data-element_type=\"widget\" data-e-type=\"widget\" data-widget_type=\"heading.default\">\n\t\t\t\t<div class=\"elementor-widget-container\">\n\t\t\t\t\t<h2 class=\"elementor-heading-title elementor-size-default\">D\u00e9claration de confidentialit\u00e9<\/h2>\t\t\t\t<\/div>\n\t\t\t\t<\/div>\n\t\t\t\t<div class=\"elementor-element elementor-element-8e8fd06 elementor-widget elementor-widget-text-editor\" data-id=\"8e8fd06\" data-element_type=\"widget\" data-e-type=\"widget\" data-widget_type=\"text-editor.default\">\n\t\t\t\t<div class=\"elementor-widget-container\">\n\t\t\t\t\t\t\t\t\t<p>Nous accordons une grande importance \u00e0 votre vie priv\u00e9e et nous engageons \u00e0 prot\u00e9ger toutes les informations personnelles que vous pourriez fournir lors de l'utilisation de notre site Web. Cette d\u00e9claration de confidentialit\u00e9 d\u00e9crit la mani\u00e8re dont nous traitons vos informations.<\/p>\t\t\t\t\t\t\t\t<\/div>\n\t\t\t\t<\/div>\n\t\t\t\t<div class=\"elementor-element elementor-element-19761c0 elementor-widget elementor-widget-heading\" data-id=\"19761c0\" data-element_type=\"widget\" data-e-type=\"widget\" data-widget_type=\"heading.default\">\n\t\t\t\t<div class=\"elementor-widget-container\">\n\t\t\t\t\t<h4 class=\"elementor-heading-title elementor-size-default\">Collecte d'informations\n<\/h4>\t\t\t\t<\/div>\n\t\t\t\t<\/div>\n\t\t\t\t<div class=\"elementor-element elementor-element-7b27afa elementor-widget elementor-widget-text-editor\" data-id=\"7b27afa\" data-element_type=\"widget\" data-e-type=\"widget\" data-widget_type=\"text-editor.default\">\n\t\t\t\t<div class=\"elementor-widget-container\">\n\t\t\t\t\t\t\t\t\t<p>Notre site Web ne collecte aucune information personnelle et ne traite aucune donn\u00e9e utilisateur. Nous ne vous demandons pas de fournir des informations personnelles pour acc\u00e9der ou naviguer sur notre site.<\/p>\t\t\t\t\t\t\t\t<\/div>\n\t\t\t\t<\/div>\n\t\t\t\t<div class=\"elementor-element elementor-element-ccfe528 elementor-widget elementor-widget-heading\" data-id=\"ccfe528\" data-element_type=\"widget\" data-e-type=\"widget\" data-widget_type=\"heading.default\">\n\t\t\t\t<div class=\"elementor-widget-container\">\n\t\t\t\t\t<h4 class=\"elementor-heading-title elementor-size-default\">Cookies\n<\/h4>\t\t\t\t<\/div>\n\t\t\t\t<\/div>\n\t\t\t\t<div class=\"elementor-element elementor-element-8e4a54d elementor-widget elementor-widget-text-editor\" data-id=\"8e4a54d\" data-element_type=\"widget\" data-e-type=\"widget\" data-widget_type=\"text-editor.default\">\n\t\t\t\t<div class=\"elementor-widget-container\">\n\t\t\t\t\t\t\t\t\t<p>Nous n'utilisons pas de cookies ni de technologies de suivi sur notre site Web. Vous pouvez naviguer sur notre site sans qu'aucune donn\u00e9e ne soit collect\u00e9e ou stock\u00e9e.<\/p>\t\t\t\t\t\t\t\t<\/div>\n\t\t\t\t<\/div>\n\t\t\t\t<div class=\"elementor-element elementor-element-9c120cb elementor-widget elementor-widget-heading\" data-id=\"9c120cb\" data-element_type=\"widget\" data-e-type=\"widget\" data-widget_type=\"heading.default\">\n\t\t\t\t<div class=\"elementor-widget-container\">\n\t\t\t\t\t<h4 class=\"elementor-heading-title elementor-size-default\">Liens tiers\n<\/h4>\t\t\t\t<\/div>\n\t\t\t\t<\/div>\n\t\t\t\t<div class=\"elementor-element elementor-element-78d3f1d elementor-widget elementor-widget-text-editor\" data-id=\"78d3f1d\" data-element_type=\"widget\" data-e-type=\"widget\" data-widget_type=\"text-editor.default\">\n\t\t\t\t<div class=\"elementor-widget-container\">\n\t\t\t\t\t\t\t\t\t<p>Notre site Web peut contenir des liens vers des sites Web de tiers. Nous ne sommes pas responsables du contenu ou des pratiques de confidentialit\u00e9 de ces sites. Nous vous encourageons \u00e0 consulter leurs politiques de confidentialit\u00e9 avant de fournir des informations personnelles.<\/p>\t\t\t\t\t\t\t\t<\/div>\n\t\t\t\t<\/div>\n\t\t\t\t<div class=\"elementor-element elementor-element-44727ac elementor-widget elementor-widget-heading\" data-id=\"44727ac\" data-element_type=\"widget\" data-e-type=\"widget\" data-widget_type=\"heading.default\">\n\t\t\t\t<div class=\"elementor-widget-container\">\n\t\t\t\t\t<h4 class=\"elementor-heading-title elementor-size-default\">Coordonn\u00e9es\n<\/h4>\t\t\t\t<\/div>\n\t\t\t\t<\/div>\n\t\t\t\t<div class=\"elementor-element elementor-element-951f311 elementor-widget elementor-widget-text-editor\" data-id=\"951f311\" data-element_type=\"widget\" data-e-type=\"widget\" data-widget_type=\"text-editor.default\">\n\t\t\t\t<div class=\"elementor-widget-container\">\n\t\t\t\t\t\t\t\t\t<p>Si vous avez des questions ou des pr\u00e9occupations concernant cette d\u00e9claration de confidentialit\u00e9, n'h\u00e9sitez pas \u00e0 nous contacter \u00e0 l'adresse suivante\u00a0:<br \/><strong>V\u00e9zina Cyber Solutions<\/strong><br \/><strong>Email:<\/strong> <a href=\"mailto:privacy@vezinacybersolutions.com\">info@vezinacybersolutions.com<\/a><br \/><strong>Phone:<\/strong> (438) 738-7474<\/p>\t\t\t\t\t\t\t\t<\/div>\n\t\t\t\t<\/div>\n\t\t\t\t<div class=\"elementor-element elementor-element-6dcd57e elementor-widget elementor-widget-heading\" data-id=\"6dcd57e\" data-element_type=\"widget\" data-e-type=\"widget\" data-widget_type=\"heading.default\">\n\t\t\t\t<div class=\"elementor-widget-container\">\n\t\t\t\t\t<h4 class=\"elementor-heading-title elementor-size-default\">Modifications de cette d\u00e9claration de confidentialit\u00e9\n<\/h4>\t\t\t\t<\/div>\n\t\t\t\t<\/div>\n\t\t\t\t<div class=\"elementor-element elementor-element-f284cc9 elementor-widget elementor-widget-text-editor\" data-id=\"f284cc9\" data-element_type=\"widget\" data-e-type=\"widget\" data-widget_type=\"text-editor.default\">\n\t\t\t\t<div class=\"elementor-widget-container\">\n\t\t\t\t\t\t\t\t\t<p>Nous pouvons mettre \u00e0 jour cette d\u00e9claration de confidentialit\u00e9 de temps \u00e0 autre. Toute modification sera publi\u00e9e sur cette page avec une date d\u2019entr\u00e9e en vigueur mise \u00e0 jour.<\/p>\t\t\t\t\t\t\t\t<\/div>\n\t\t\t\t<\/div>\n\t\t\t\t<div class=\"elementor-element elementor-element-6473fdc elementor-widget elementor-widget-text-editor\" data-id=\"6473fdc\" data-element_type=\"widget\" data-e-type=\"widget\" data-widget_type=\"text-editor.default\">\n\t\t\t\t<div class=\"elementor-widget-container\">\n\t\t\t\t\t\t\t\t\t<p>En utilisant notre site Web, vous acceptez les termes de cette d\u00e9claration de confidentialit\u00e9. Merci de votre visite.<\/p>\t\t\t\t\t\t\t\t<\/div>\n\t\t\t\t<\/div>\n\t\t\t\t<\/div>\n\t\t\t\t\t<\/div>\n\t\t\t\t<\/div>\n\t\t\t\t<\/div>","protected":false},"excerpt":{"rendered":"<p>Privacy Statement We value your privacy and are committed to protecting any personal information you may provide while using our website. This Privacy Statement outlines how we handle your information. Information Collection Our website does not collect personal information or process any user data. We do not require you to provide any personal details to access or navigate our site. Cookies We do not use cookies or any tracking technologies on our website. You can browse our site without any data being collected or stored. Third-Party Links Our website may contain links to third-party websites. We are not responsible for the content or privacy practices of these sites. We encourage you to review their privacy policies before providing any personal information. Contact Information If you have any questions or concerns about this Privacy Statement, please feel free to contact us at:V\u00e9zina Cyber SolutionsEmail: info@vezinacybersolutions.comPhone: (438) 738-7474 Changes to this Privacy Statement We may update this Privacy Statement from time to time. Any changes will be posted on this page with an updated effective date. By using our website, you consent to the terms of this Privacy Statement. Thank you for visiting us.<\/p>","protected":false},"author":1,"featured_media":0,"parent":0,"menu_order":0,"comment_status":"closed","ping_status":"open","template":"","meta":{"footnotes":""},"class_list":["post-3","page","type-page","status-publish","hentry"],"_links":{"self":[{"href":"https:\/\/vezinacybersolutions.com\/fr\/wp-json\/wp\/v2\/pages\/3","targetHints":{"allow":["GET"]}}],"collection":[{"href":"https:\/\/vezinacybersolutions.com\/fr\/wp-json\/wp\/v2\/pages"}],"about":[{"href":"https:\/\/vezinacybersolutions.com\/fr\/wp-json\/wp\/v2\/types\/page"}],"author":[{"embeddable":true,"href":"https:\/\/vezinacybersolutions.com\/fr\/wp-json\/wp\/v2\/users\/1"}],"replies":[{"embeddable":true,"href":"https:\/\/vezinacybersolutions.com\/fr\/wp-json\/wp\/v2\/comments?post=3"}],"version-history":[{"count":13,"href":"https:\/\/vezinacybersolutions.com\/fr\/wp-json\/wp\/v2\/pages\/3\/revisions"}],"predecessor-version":[{"id":480,"href":"https:\/\/vezinacybersolutions.com\/fr\/wp-json\/wp\/v2\/pages\/3\/revisions\/480"}],"wp:attachment":[{"href":"https:\/\/vezinacybersolutions.com\/fr\/wp-json\/wp\/v2\/media?parent=3"}],"curies":[{"name":"wp","href":"https:\/\/api.w.org\/{rel}","templated":true}]}}