{"id":372,"date":"2024-10-21T06:42:47","date_gmt":"2024-10-21T10:42:47","guid":{"rendered":"https:\/\/vezinacybersolutions.com\/?page_id=372"},"modified":"2024-10-22T12:47:04","modified_gmt":"2024-10-22T16:47:04","slug":"services","status":"publish","type":"page","link":"https:\/\/vezinacybersolutions.com\/fr\/services\/","title":{"rendered":"Services"},"content":{"rendered":"<div data-elementor-type=\"wp-post\" data-elementor-id=\"372\" class=\"elementor elementor-372\">\n\t\t\t\t<div class=\"elementor-element elementor-element-ccb802f e-flex e-con-boxed wpr-particle-no wpr-jarallax-no wpr-parallax-no wpr-sticky-section-no wpr-equal-height-no e-con e-parent\" data-id=\"ccb802f\" data-element_type=\"container\" data-e-type=\"container\">\n\t\t\t\t\t<div class=\"e-con-inner\">\n\t\t<div class=\"elementor-element elementor-element-2ed8997 e-con-full e-flex wpr-particle-no wpr-jarallax-no wpr-parallax-no wpr-sticky-section-no wpr-equal-height-no e-con e-child\" data-id=\"2ed8997\" data-element_type=\"container\" data-e-type=\"container\" data-settings=\"{&quot;background_background&quot;:&quot;classic&quot;}\">\n\t\t\t\t<div class=\"elementor-element elementor-element-76e65f9 elementor-widget elementor-widget-image\" data-id=\"76e65f9\" data-element_type=\"widget\" data-e-type=\"widget\" data-widget_type=\"image.default\">\n\t\t\t\t<div class=\"elementor-widget-container\">\n\t\t\t\t\t\t\t\t\t\t\t\t\t\t\t<img fetchpriority=\"high\" decoding=\"async\" width=\"744\" height=\"1024\" src=\"https:\/\/vezinacybersolutions.com\/wp-content\/uploads\/2024\/10\/Services-Buildings-city-skyscraper-sean-pollock-PhYq704ffdA-unsplash-744x1024.jpg\" class=\"attachment-large size-large wp-image-423\" alt=\"\" srcset=\"https:\/\/vezinacybersolutions.com\/wp-content\/uploads\/2024\/10\/Services-Buildings-city-skyscraper-sean-pollock-PhYq704ffdA-unsplash-744x1024.jpg 744w, https:\/\/vezinacybersolutions.com\/wp-content\/uploads\/2024\/10\/Services-Buildings-city-skyscraper-sean-pollock-PhYq704ffdA-unsplash-218x300.jpg 218w, https:\/\/vezinacybersolutions.com\/wp-content\/uploads\/2024\/10\/Services-Buildings-city-skyscraper-sean-pollock-PhYq704ffdA-unsplash-768x1057.jpg 768w, https:\/\/vezinacybersolutions.com\/wp-content\/uploads\/2024\/10\/Services-Buildings-city-skyscraper-sean-pollock-PhYq704ffdA-unsplash-9x12.jpg 9w, https:\/\/vezinacybersolutions.com\/wp-content\/uploads\/2024\/10\/Services-Buildings-city-skyscraper-sean-pollock-PhYq704ffdA-unsplash.jpg 930w\" sizes=\"(max-width: 744px) 100vw, 744px\" \/>\t\t\t\t\t\t\t\t\t\t\t\t\t\t\t<\/div>\n\t\t\t\t<\/div>\n\t\t\t\t<\/div>\n\t\t<div class=\"elementor-element elementor-element-5225bb6 e-con-full e-flex wpr-particle-no wpr-jarallax-no wpr-parallax-no wpr-sticky-section-no wpr-equal-height-no e-con e-child\" data-id=\"5225bb6\" data-element_type=\"container\" data-e-type=\"container\">\n\t\t\t\t<div class=\"elementor-element elementor-element-62b500a elementor-widget elementor-widget-heading\" data-id=\"62b500a\" data-element_type=\"widget\" data-e-type=\"widget\" data-widget_type=\"heading.default\">\n\t\t\t\t<div class=\"elementor-widget-container\">\n\t\t\t\t\t<h2 class=\"elementor-heading-title elementor-size-default\">Nos Services\n<\/h2>\t\t\t\t<\/div>\n\t\t\t\t<\/div>\n\t\t\t\t<div class=\"elementor-element elementor-element-f17bb28 elementor-widget elementor-widget-text-editor\" data-id=\"f17bb28\" data-element_type=\"widget\" data-e-type=\"widget\" data-widget_type=\"text-editor.default\">\n\t\t\t\t<div class=\"elementor-widget-container\">\n\t\t\t\t\t\t\t\t\t<ol><li><a href=\"https:\/\/vezinacybersolutions.com\/fr\/virtual-ciso\/\"><u><b>Virtual CISO (vCISO)<\/b><\/u><\/a><b>: <\/b>Leadership expert en cybers\u00e9curit\u00e9 gr\u00e2ce \u00e0 une solution flexible sans avoir besoin d\u2019un RSSI \u00e0 temps plein.<\/li><li><a href=\"https:\/\/vezinacybersolutions.com\/fr\/strategic-security-leadership\/\"><b style=\"text-decoration-line: underline;\">Leadership strat\u00e9gique en mati\u00e8re de s\u00e9curit\u00e9<\/b><\/a><b>: <\/b>des strat\u00e9gies, des cadres et des mesures de cybers\u00e9curit\u00e9 sur mesure qui s'alignent sur les objectifs commerciaux et garantissent la conformit\u00e9 aux normes de l'industrie.<\/li><li><a href=\"https:\/\/vezinacybersolutions.com\/fr\/risk-management-and-compliance\/\"><u><b>Gestion des risques et conformit\u00e9<\/b><\/u><\/a><b>:<\/b> \u00e9valuations de la maturit\u00e9 en mati\u00e8re de s\u00e9curit\u00e9 et de confidentialit\u00e9, identification des risques et gestion de la s\u00e9curit\u00e9 par des tiers pour rester s\u00e9curis\u00e9 et align\u00e9 sur les normes de l'industrie.<\/li><li><a href=\"https:\/\/vezinacybersolutions.com\/fr\/policy-and-program-development\/\"><u><b>Politique de s\u00e9curit\u00e9 et d\u00e9veloppement de programmes<\/b><\/u><\/a><b>:<\/b> une feuille de route, des politiques et des programmes sur mesure pour s'aligner sur les normes de l'industrie, g\u00e9rer les risques et am\u00e9liorer la r\u00e9silience et la conformit\u00e9.<\/li><li><a href=\"https:\/\/vezinacybersolutions.com\/fr\/security-program-implementation\/\"><u><b>Programme de s\u00e9curit\u00e9<\/b><\/u><u><b> Mise en \u0153uvre<\/b><\/u><\/a><b>:<\/b> nous pilotons la mise en \u0153uvre de programmes de s\u00e9curit\u00e9 adapt\u00e9s aux besoins de votre entreprise.<\/li><li><a href=\"https:\/\/vezinacybersolutions.com\/fr\/specialized-security-services\/\"><u><b>Services de s\u00e9curit\u00e9 sp\u00e9cialis\u00e9s<\/b><\/u><\/a><b>: <\/b>des solutions sur mesure pour la technologie op\u00e9rationnelle (OT) et la s\u00e9curit\u00e9 physique, prot\u00e9geant les infrastructures, le personnel, les op\u00e9rations et les actifs critiques.<\/li><\/ol>\t\t\t\t\t\t\t\t<\/div>\n\t\t\t\t<\/div>\n\t\t\t\t<\/div>\n\t\t\t\t\t<\/div>\n\t\t\t\t<\/div>\n\t\t\t\t<\/div>","protected":false},"excerpt":{"rendered":"<p>Our Services Virtual CISO (vCISO): expert cybersecurity leadership through flexible solution without the need for full-time CISO. Strategic Security Leadership: tailored cybersecurity strategies, frameworks, and metrics that align with business objectives, and ensure compliance with industry standards. Risk Management and Compliance: security and privacy maturity assessments, risk identification and third-party security management to remain secure and aligned with industry standards. Security Policy and Program Development: tailored roadmap, policies and programs to align with industry standards, manage risks, and enhance resilience and compliance. Security Program Implementation: we drive the implementation of security programs that align with your business needs. Specialized Security Services: tailored solutions for operational technology (OT) and physical security, protecting\u00a0 critical infrastructure, personnel, operations, and assets.<\/p>","protected":false},"author":1,"featured_media":0,"parent":0,"menu_order":0,"comment_status":"closed","ping_status":"closed","template":"elementor_header_footer","meta":{"footnotes":""},"class_list":["post-372","page","type-page","status-publish","hentry"],"_links":{"self":[{"href":"https:\/\/vezinacybersolutions.com\/fr\/wp-json\/wp\/v2\/pages\/372","targetHints":{"allow":["GET"]}}],"collection":[{"href":"https:\/\/vezinacybersolutions.com\/fr\/wp-json\/wp\/v2\/pages"}],"about":[{"href":"https:\/\/vezinacybersolutions.com\/fr\/wp-json\/wp\/v2\/types\/page"}],"author":[{"embeddable":true,"href":"https:\/\/vezinacybersolutions.com\/fr\/wp-json\/wp\/v2\/users\/1"}],"replies":[{"embeddable":true,"href":"https:\/\/vezinacybersolutions.com\/fr\/wp-json\/wp\/v2\/comments?post=372"}],"version-history":[{"count":13,"href":"https:\/\/vezinacybersolutions.com\/fr\/wp-json\/wp\/v2\/pages\/372\/revisions"}],"predecessor-version":[{"id":426,"href":"https:\/\/vezinacybersolutions.com\/fr\/wp-json\/wp\/v2\/pages\/372\/revisions\/426"}],"wp:attachment":[{"href":"https:\/\/vezinacybersolutions.com\/fr\/wp-json\/wp\/v2\/media?parent=372"}],"curies":[{"name":"wp","href":"https:\/\/api.w.org\/{rel}","templated":true}]}}